{"id":899,"date":"2019-12-01T00:00:44","date_gmt":"2019-11-30T23:00:44","guid":{"rendered":"https:\/\/www.pallkonsulten.se\/?page_id=899"},"modified":"2019-12-18T23:58:10","modified_gmt":"2019-12-18T22:58:10","slug":"eur-pall","status":"publish","type":"page","link":"https:\/\/www.pallkonsulten.se\/en\/lastbarare-emballage\/eur-pall\/","title":{"rendered":"EUR A-pall"},"content":{"rendered":"<div class=\"wpb-content-wrapper\"><div class=\"vc_row wpb_row vc_row-fluid\"><div class=\"wpb_column vc_column_container vc_col-sm-8\"><div class=\"vc_column-inner\"><div class=\"wpb_wrapper\">\n\t<div  class=\"wpb_single_image wpb_content_element vc_align_left\">\n\t\t\n\t\t<figure class=\"wpb_wrapper vc_figure\">\n\t\t\t<a href=\"https:\/\/www.pallkonsulten.se\/wp-content\/uploads\/2019\/11\/eur-a-pall.jpg\" target=\"_self\" data-large_image_width=\"800\" data-large_image_height=\"600\"  class=\"vc_single_image-wrapper   vc_box_border_grey dt-pswp-item rollover rollover-zoom\"   ><img loading=\"lazy\" decoding=\"async\" width=\"800\" height=\"600\" src=\"https:\/\/www.pallkonsulten.se\/wp-content\/uploads\/2019\/11\/eur-a-pall.jpg\" class=\"vc_single_image-img attachment-full\" alt=\"EUR A-pall\" title=\"EUR A-pall\" srcset=\"https:\/\/www.pallkonsulten.se\/wp-content\/uploads\/2019\/11\/eur-a-pall.jpg 800w, https:\/\/www.pallkonsulten.se\/wp-content\/uploads\/2019\/11\/eur-a-pall-300x225.jpg 300w, https:\/\/www.pallkonsulten.se\/wp-content\/uploads\/2019\/11\/eur-a-pall-768x576.jpg 768w, https:\/\/www.pallkonsulten.se\/wp-content\/uploads\/2019\/11\/eur-a-pall-200x150.jpg 200w\" sizes=\"auto, (max-width: 800px) 100vw, 800px\"  data-dt-location=\"https:\/\/www.pallkonsulten.se\/en\/eur-a-pall\/\" \/><\/a>\n\t\t<\/figure>\n\t<\/div>\n\n\t<div class=\"wpb_text_column wpb_content_element\" >\n\t\t<div class=\"wpb_wrapper\">\n\t\t\t\n\t\t<\/div>\n\t<\/div>\n<\/div><\/div><\/div><div class=\"wpb_column vc_column_container vc_col-sm-4\"><div class=\"vc_column-inner\"><div class=\"wpb_wrapper\"><h4 style=\"text-align: left\" class=\"vc_custom_heading vc_do_custom_heading\" >Produktdata<\/h4>\n\t<div class=\"wpb_text_column wpb_content_element\" >\n\t\t<div class=\"wpb_wrapper\">\n\t\t\t<p>M\u00e5tt (LxBxH): 1200x800x144 mm<br \/>\nVikt: 25 kg<br \/>\nF\u00f6rdelad last max: 1500 kg<br \/>\nPunktlast max: 1000 kg<br \/>\nVirkestjocklek: 22 mm<br \/>\nV\u00e4rmebehandling: Tillval<\/p>\n\n\t\t<\/div>\n\t<\/div>\n<\/div><\/div><\/div><\/div>\n<\/div>","protected":false},"excerpt":{"rendered":"<p>Produktdata M\u00e5tt (LxBxH): 1200x800x144 mm Vikt: 25 kg F\u00f6rdelad last max: 1500 kg Punktlast max: 1000 kg Virkestjocklek: 22 mm V\u00e4rmebehandling: Tillval<\/p>","protected":false},"author":2,"featured_media":1088,"parent":469,"menu_order":0,"comment_status":"closed","ping_status":"closed","template":"","meta":{"_acf_changed":false,"footnotes":""},"categories":[6,7],"tags":[],"class_list":["post-899","page","type-page","status-publish","has-post-thumbnail","hentry","category-helpall","category-nytt","description-off"],"acf":[],"_links":{"self":[{"href":"https:\/\/www.pallkonsulten.se\/en\/wp-json\/wp\/v2\/pages\/899","targetHints":{"allow":["GET"]}}],"collection":[{"href":"https:\/\/www.pallkonsulten.se\/en\/wp-json\/wp\/v2\/pages"}],"about":[{"href":"https:\/\/www.pallkonsulten.se\/en\/wp-json\/wp\/v2\/types\/page"}],"author":[{"embeddable":true,"href":"https:\/\/www.pallkonsulten.se\/en\/wp-json\/wp\/v2\/users\/2"}],"replies":[{"embeddable":true,"href":"https:\/\/www.pallkonsulten.se\/en\/wp-json\/wp\/v2\/comments?post=899"}],"version-history":[{"count":1,"href":"https:\/\/www.pallkonsulten.se\/en\/wp-json\/wp\/v2\/pages\/899\/revisions"}],"predecessor-version":[{"id":1271,"href":"https:\/\/www.pallkonsulten.se\/en\/wp-json\/wp\/v2\/pages\/899\/revisions\/1271"}],"up":[{"embeddable":true,"href":"https:\/\/www.pallkonsulten.se\/en\/wp-json\/wp\/v2\/pages\/469"}],"wp:featuredmedia":[{"embeddable":true,"href":"https:\/\/www.pallkonsulten.se\/en\/wp-json\/wp\/v2\/media\/1088"}],"wp:attachment":[{"href":"https:\/\/www.pallkonsulten.se\/en\/wp-json\/wp\/v2\/media?parent=899"}],"wp:term":[{"taxonomy":"category","embeddable":true,"href":"https:\/\/www.pallkonsulten.se\/en\/wp-json\/wp\/v2\/categories?post=899"},{"taxonomy":"post_tag","embeddable":true,"href":"https:\/\/www.pallkonsulten.se\/en\/wp-json\/wp\/v2\/tags?post=899"}],"curies":[{"name":"wp","href":"https:\/\/api.w.org\/{rel}","templated":true}]}}