{"id":469,"date":"2019-12-01T00:00:55","date_gmt":"2019-11-30T23:00:55","guid":{"rendered":"https:\/\/www.pallkonsulten.se\/?page_id=469"},"modified":"2019-12-18T23:20:52","modified_gmt":"2019-12-18T22:20:52","slug":"lastbarare-emballage","status":"publish","type":"page","link":"https:\/\/www.pallkonsulten.se\/en\/lastbarare-emballage\/","title":{"rendered":"Produkter"},"content":{"rendered":"<div class=\"wpb-content-wrapper\"><div class=\"vc_row wpb_row vc_row-fluid\"><div class=\"wpb_column vc_column_container vc_col-sm-12\"><div class=\"vc_column-inner\"><div class=\"wpb_wrapper\">\n<div class=\"vc_grid-container-wrapper vc_clearfix vc_grid-animation-none\">\n\t<div class=\"vc_grid-container vc_clearfix wpb_content_element vc_basic_grid\" data-initial-loading-animation=\"none\" data-vc-grid-settings=\"{&quot;page_id&quot;:469,&quot;style&quot;:&quot;lazy&quot;,&quot;action&quot;:&quot;vc_get_vc_grid_data&quot;,&quot;shortcode_id&quot;:&quot;1573225886213-6590694d-cb37-6&quot;,&quot;items_per_page&quot;:&quot;10&quot;,&quot;tag&quot;:&quot;vc_basic_grid&quot;}\" data-vc-request=\"https:\/\/www.pallkonsulten.se\/wp-admin\/admin-ajax.php\" data-vc-post-id=\"469\" data-vc-public-nonce=\"069362659f\">\n\t\t<ul class=\"vc_grid-filter vc_clearfix vc_grid-filter-default vc_grid-filter-size-md vc_grid-filter-center vc_grid-filter-color-grey\" data-vc-grid-filter=\"category\"><li class=\"vc_active vc_grid-filter-item\"><span data-vc-grid-filter-value=\"*\">Alla<\/span><\/li><li class=\"vc_grid-filter-item\"><span data-vc-grid-filter-value=\".vc_grid-term-9\">Halvpall<\/span><\/li><li class=\"vc_grid-filter-item\"><span data-vc-grid-filter-value=\".vc_grid-term-6\">Helpall<\/span><\/li><li class=\"vc_grid-filter-item\"><span data-vc-grid-filter-value=\".vc_grid-term-13\">Lock<\/span><\/li><li class=\"vc_grid-filter-item\"><span data-vc-grid-filter-value=\".vc_grid-term-11\">Mellanl\u00e4gg<\/span><\/li><li class=\"vc_grid-filter-item\"><span data-vc-grid-filter-value=\".vc_grid-term-7\">Nytt<\/span><\/li><li class=\"vc_grid-filter-item\"><span data-vc-grid-filter-value=\".vc_grid-term-10\">Pallkrage<\/span><\/li><li class=\"vc_grid-filter-item\"><span data-vc-grid-filter-value=\".vc_grid-term-14\">Special<\/span><\/li><\/ul><div class=\"vc_grid-filter-select vc_grid-filter-center vc_grid-filter-color-grey\" data-vc-grid-filter-select=\"category\"><div class=\"vc_grid-styled-select\"><select data-filter=\"category\"><option class=\"vc_active\" value=\"*\">Alla&nbsp;&nbsp;&nbsp;&nbsp;&nbsp;&nbsp;&nbsp;&nbsp;&nbsp;&nbsp;<\/option><option value=\".vc_grid-term-9\">Halvpall&nbsp;&nbsp;&nbsp;&nbsp;&nbsp;&nbsp;&nbsp;&nbsp;&nbsp;&nbsp;<\/option><option value=\".vc_grid-term-6\">Helpall&nbsp;&nbsp;&nbsp;&nbsp;&nbsp;&nbsp;&nbsp;&nbsp;&nbsp;&nbsp;<\/option><option value=\".vc_grid-term-13\">Lock&nbsp;&nbsp;&nbsp;&nbsp;&nbsp;&nbsp;&nbsp;&nbsp;&nbsp;&nbsp;<\/option><option value=\".vc_grid-term-11\">Mellanl\u00e4gg&nbsp;&nbsp;&nbsp;&nbsp;&nbsp;&nbsp;&nbsp;&nbsp;&nbsp;&nbsp;<\/option><option value=\".vc_grid-term-7\">Nytt&nbsp;&nbsp;&nbsp;&nbsp;&nbsp;&nbsp;&nbsp;&nbsp;&nbsp;&nbsp;<\/option><option value=\".vc_grid-term-10\">Pallkrage&nbsp;&nbsp;&nbsp;&nbsp;&nbsp;&nbsp;&nbsp;&nbsp;&nbsp;&nbsp;<\/option><option value=\".vc_grid-term-14\">Special&nbsp;&nbsp;&nbsp;&nbsp;&nbsp;&nbsp;&nbsp;&nbsp;&nbsp;&nbsp;<\/option><\/select><i class=\"vc_arrow-icon-navicon\"><\/i>\n\t\t<\/div>\n\t<\/div><div class=\"vc_grid vc_row vc_grid-gutter-30px vc_pageable-wrapper vc_hook_hover\" data-vc-pageable-content=\"true\"><div class=\"vc_pageable-slide-wrapper vc_clearfix\" data-vc-grid-content=\"true\"><div class=\"vc_grid-item vc_clearfix vc_col-sm-4 vc_grid-item-zone-c-top vc_grid-term-6\"><div class=\"vc_grid-item-mini vc_clearfix\"><div class=\"vc_gitem-zone vc_gitem-zone-c\"><div class=\"vc_gitem-zone-mini\"><div class=\"vc_gitem_row vc_row vc_gitem-row-position-top\"><div class=\"vc_col-sm-12 vc_gitem-col vc_gitem-col-align-\">\n\t<div class=\"wpb_single_image wpb_content_element vc_align_\">\n\t\t<figure class=\"wpb_wrapper vc_figure\">\n\t\t\t<a href=\"https:\/\/www.pallkonsulten.se\/en\/lastbarare-emballage\/b-pall\/\" class=\"vc_gitem-link vc_single_image-wrapper vc_box_border_grey\" title=\"B-pall\"><img loading=\"lazy\" decoding=\"async\" width=\"800\" height=\"600\" src=\"https:\/\/www.pallkonsulten.se\/wp-content\/uploads\/2019\/11\/b-pall-1.jpg\" class=\"vc_single_image-img attachment-full\" alt=\"B-pall\" title=\"B-pall\" srcset=\"https:\/\/www.pallkonsulten.se\/wp-content\/uploads\/2019\/11\/b-pall-1.jpg 800w, https:\/\/www.pallkonsulten.se\/wp-content\/uploads\/2019\/11\/b-pall-1-300x225.jpg 300w, https:\/\/www.pallkonsulten.se\/wp-content\/uploads\/2019\/11\/b-pall-1-768x576.jpg 768w, https:\/\/www.pallkonsulten.se\/wp-content\/uploads\/2019\/11\/b-pall-1-200x150.jpg 200w\" sizes=\"auto, (max-width: 800px) 100vw, 800px\" \/><\/a>\n\t\t<\/figure>\n\t<\/div>\n<div class=\"vc_custom_heading news_title vc_gitem-post-data vc_gitem-post-data-source-post_title\" ><div style=\"text-align: left\" ><a href=\"https:\/\/www.pallkonsulten.se\/en\/lastbarare-emballage\/b-pall\/\" class=\"vc_gitem-link\" title=\"B-pall\">B-pall<\/a><\/div><\/div><div class=\"vc_custom_heading news_content vc_gitem-post-data vc_gitem-post-data-source-post_excerpt\" ><div style=\"text-align: left\" ><a href=\"https:\/\/www.pallkonsulten.se\/en\/lastbarare-emballage\/b-pall\/\" class=\"vc_gitem-link\" title=\"B-pall\"><p>Produktdata M\u00e5tt (LxBxH): 1200x800x144 mm Vikt: 25 kg F\u00f6rdelad last max: 1500 kg Punktlast max: 1000 kg Virkestjocklek: 22 mm V\u00e4rmebehandling: Tillval<\/p>\n<\/a><\/div><\/div><\/div><\/div><\/div><\/div><div class=\"vc_gitem-animated-block\" ><\/div><\/div><div class=\"vc_clearfix\"><\/div><\/div><div class=\"vc_grid-item vc_clearfix vc_col-sm-4 vc_grid-item-zone-c-top vc_grid-term-6 vc_grid-term-7\"><div class=\"vc_grid-item-mini vc_clearfix\"><div class=\"vc_gitem-zone vc_gitem-zone-c\"><div class=\"vc_gitem-zone-mini\"><div class=\"vc_gitem_row vc_row vc_gitem-row-position-top\"><div class=\"vc_col-sm-12 vc_gitem-col vc_gitem-col-align-\">\n\t<div class=\"wpb_single_image wpb_content_element vc_align_\">\n\t\t<figure class=\"wpb_wrapper vc_figure\">\n\t\t\t<a href=\"https:\/\/www.pallkonsulten.se\/en\/lastbarare-emballage\/eur-pall\/\" class=\"vc_gitem-link vc_single_image-wrapper vc_box_border_grey\" title=\"EUR A-pall\"><img loading=\"lazy\" decoding=\"async\" width=\"800\" height=\"600\" src=\"https:\/\/www.pallkonsulten.se\/wp-content\/uploads\/2019\/11\/eur-a-pall.jpg\" class=\"vc_single_image-img attachment-full\" alt=\"EUR A-pall\" title=\"EUR A-pall\" srcset=\"https:\/\/www.pallkonsulten.se\/wp-content\/uploads\/2019\/11\/eur-a-pall.jpg 800w, https:\/\/www.pallkonsulten.se\/wp-content\/uploads\/2019\/11\/eur-a-pall-300x225.jpg 300w, https:\/\/www.pallkonsulten.se\/wp-content\/uploads\/2019\/11\/eur-a-pall-768x576.jpg 768w, https:\/\/www.pallkonsulten.se\/wp-content\/uploads\/2019\/11\/eur-a-pall-200x150.jpg 200w\" sizes=\"auto, (max-width: 800px) 100vw, 800px\" \/><\/a>\n\t\t<\/figure>\n\t<\/div>\n<div class=\"vc_custom_heading news_title vc_gitem-post-data vc_gitem-post-data-source-post_title\" ><div style=\"text-align: left\" ><a href=\"https:\/\/www.pallkonsulten.se\/en\/lastbarare-emballage\/eur-pall\/\" class=\"vc_gitem-link\" title=\"EUR A-pall\">EUR A-pall<\/a><\/div><\/div><div class=\"vc_custom_heading news_content vc_gitem-post-data vc_gitem-post-data-source-post_excerpt\" ><div style=\"text-align: left\" ><a href=\"https:\/\/www.pallkonsulten.se\/en\/lastbarare-emballage\/eur-pall\/\" class=\"vc_gitem-link\" title=\"EUR A-pall\"><p>Produktdata M\u00e5tt (LxBxH): 1200x800x144 mm Vikt: 25 kg F\u00f6rdelad last max: 1500 kg Punktlast max: 1000 kg Virkestjocklek: 22 mm V\u00e4rmebehandling: Tillval<\/p>\n<\/a><\/div><\/div><\/div><\/div><\/div><\/div><div class=\"vc_gitem-animated-block\" ><\/div><\/div><div class=\"vc_clearfix\"><\/div><\/div><div class=\"vc_grid-item vc_clearfix vc_col-sm-4 vc_grid-item-zone-c-top vc_grid-term-9 vc_grid-term-7\"><div class=\"vc_grid-item-mini vc_clearfix\"><div class=\"vc_gitem-zone vc_gitem-zone-c\"><div class=\"vc_gitem-zone-mini\"><div class=\"vc_gitem_row vc_row vc_gitem-row-position-top\"><div class=\"vc_col-sm-12 vc_gitem-col vc_gitem-col-align-\">\n\t<div class=\"wpb_single_image wpb_content_element vc_align_\">\n\t\t<figure class=\"wpb_wrapper vc_figure\">\n\t\t\t<a href=\"https:\/\/www.pallkonsulten.se\/en\/lastbarare-emballage\/halvpall-stark\/\" class=\"vc_gitem-link vc_single_image-wrapper vc_box_border_grey\" title=\"Halvpall Stark\"><img loading=\"lazy\" decoding=\"async\" width=\"800\" height=\"600\" src=\"https:\/\/www.pallkonsulten.se\/wp-content\/uploads\/2019\/11\/stark-halvpall.jpg\" class=\"vc_single_image-img attachment-full\" alt=\"Stark halvpall\" title=\"Stark halvpall\" srcset=\"https:\/\/www.pallkonsulten.se\/wp-content\/uploads\/2019\/11\/stark-halvpall.jpg 800w, https:\/\/www.pallkonsulten.se\/wp-content\/uploads\/2019\/11\/stark-halvpall-300x225.jpg 300w, https:\/\/www.pallkonsulten.se\/wp-content\/uploads\/2019\/11\/stark-halvpall-768x576.jpg 768w, https:\/\/www.pallkonsulten.se\/wp-content\/uploads\/2019\/11\/stark-halvpall-200x150.jpg 200w\" sizes=\"auto, (max-width: 800px) 100vw, 800px\" \/><\/a>\n\t\t<\/figure>\n\t<\/div>\n<div class=\"vc_custom_heading news_title vc_gitem-post-data vc_gitem-post-data-source-post_title\" ><div style=\"text-align: left\" ><a href=\"https:\/\/www.pallkonsulten.se\/en\/lastbarare-emballage\/halvpall-stark\/\" class=\"vc_gitem-link\" title=\"Halvpall Stark\">Halvpall Stark<\/a><\/div><\/div><div class=\"vc_custom_heading news_content vc_gitem-post-data vc_gitem-post-data-source-post_excerpt\" ><div style=\"text-align: left\" ><a href=\"https:\/\/www.pallkonsulten.se\/en\/lastbarare-emballage\/halvpall-stark\/\" class=\"vc_gitem-link\" title=\"Halvpall Stark\"><p>Produktdata M\u00e5tt (LxBxH): mm Vikt: kg F\u00f6rdelad last max: kg Punktlast max: kg Virkestjocklek: mm V\u00e4rmebehandling:<\/p>\n<\/a><\/div><\/div><\/div><\/div><\/div><\/div><div class=\"vc_gitem-animated-block\" ><\/div><\/div><div class=\"vc_clearfix\"><\/div><\/div><div class=\"vc_grid-item vc_clearfix vc_col-sm-4 vc_grid-item-zone-c-top vc_grid-term-13 vc_grid-term-7\"><div class=\"vc_grid-item-mini vc_clearfix\"><div class=\"vc_gitem-zone vc_gitem-zone-c\"><div class=\"vc_gitem-zone-mini\"><div class=\"vc_gitem_row vc_row vc_gitem-row-position-top\"><div class=\"vc_col-sm-12 vc_gitem-col vc_gitem-col-align-\">\n\t<div class=\"wpb_single_image wpb_content_element vc_align_\">\n\t\t<figure class=\"wpb_wrapper vc_figure\">\n\t\t\t<a href=\"https:\/\/www.pallkonsulten.se\/en\/lastbarare-emballage\/lock\/\" class=\"vc_gitem-link vc_single_image-wrapper vc_box_border_grey\" title=\"Lock helpall\"><img loading=\"lazy\" decoding=\"async\" width=\"800\" height=\"600\" src=\"https:\/\/www.pallkonsulten.se\/wp-content\/uploads\/2019\/11\/kragar-lock-till-eur-pall.jpg\" class=\"vc_single_image-img attachment-full\" alt=\"Kragar och lock till EUR-pall\" title=\"Kragar och lock till EUR-pall\" srcset=\"https:\/\/www.pallkonsulten.se\/wp-content\/uploads\/2019\/11\/kragar-lock-till-eur-pall.jpg 800w, https:\/\/www.pallkonsulten.se\/wp-content\/uploads\/2019\/11\/kragar-lock-till-eur-pall-300x225.jpg 300w, https:\/\/www.pallkonsulten.se\/wp-content\/uploads\/2019\/11\/kragar-lock-till-eur-pall-768x576.jpg 768w, https:\/\/www.pallkonsulten.se\/wp-content\/uploads\/2019\/11\/kragar-lock-till-eur-pall-200x150.jpg 200w\" sizes=\"auto, (max-width: 800px) 100vw, 800px\" \/><\/a>\n\t\t<\/figure>\n\t<\/div>\n<div class=\"vc_custom_heading news_title vc_gitem-post-data vc_gitem-post-data-source-post_title\" ><div style=\"text-align: left\" ><a href=\"https:\/\/www.pallkonsulten.se\/en\/lastbarare-emballage\/lock\/\" class=\"vc_gitem-link\" title=\"Lock helpall\">Lock helpall<\/a><\/div><\/div><div class=\"vc_custom_heading news_content vc_gitem-post-data vc_gitem-post-data-source-post_excerpt\" ><div style=\"text-align: left\" ><a href=\"https:\/\/www.pallkonsulten.se\/en\/lastbarare-emballage\/lock\/\" class=\"vc_gitem-link\" title=\"Lock helpall\"><p>Produktdata M\u00e5tt (LxBxH): 1200x800x10 mm Vikt: kg Material: Styrskena: Tillval V\u00e4rmebehandling: Tillval Godk\u00e4nd i f\u00f6ljande retursystem URS: Ja P\u00d6S: Nej<\/p>\n<\/a><\/div><\/div><\/div><\/div><\/div><\/div><div class=\"vc_gitem-animated-block\" ><\/div><\/div><div class=\"vc_clearfix\"><\/div><\/div><div class=\"vc_grid-item vc_clearfix vc_col-sm-4 vc_grid-item-zone-c-top vc_grid-term-11 vc_grid-term-7\"><div class=\"vc_grid-item-mini vc_clearfix\"><div class=\"vc_gitem-zone vc_gitem-zone-c\"><div class=\"vc_gitem-zone-mini\"><div class=\"vc_gitem_row vc_row vc_gitem-row-position-top\"><div class=\"vc_col-sm-12 vc_gitem-col vc_gitem-col-align-\">\n\t<div class=\"wpb_single_image wpb_content_element vc_align_\">\n\t\t<figure class=\"wpb_wrapper vc_figure\">\n\t\t\t<a href=\"https:\/\/www.pallkonsulten.se\/en\/lastbarare-emballage\/mellanlagg\/\" class=\"vc_gitem-link vc_single_image-wrapper vc_box_border_grey\" title=\"Mellanl\u00e4gg\"><img loading=\"lazy\" decoding=\"async\" width=\"800\" height=\"600\" src=\"https:\/\/www.pallkonsulten.se\/wp-content\/uploads\/2019\/12\/bild-kommer-snart.jpg\" class=\"vc_single_image-img attachment-full\" alt=\"\" title=\"bild-kommer-snart\" srcset=\"https:\/\/www.pallkonsulten.se\/wp-content\/uploads\/2019\/12\/bild-kommer-snart.jpg 800w, https:\/\/www.pallkonsulten.se\/wp-content\/uploads\/2019\/12\/bild-kommer-snart-300x225.jpg 300w, https:\/\/www.pallkonsulten.se\/wp-content\/uploads\/2019\/12\/bild-kommer-snart-768x576.jpg 768w, https:\/\/www.pallkonsulten.se\/wp-content\/uploads\/2019\/12\/bild-kommer-snart-200x150.jpg 200w\" sizes=\"auto, (max-width: 800px) 100vw, 800px\" \/><\/a>\n\t\t<\/figure>\n\t<\/div>\n<div class=\"vc_custom_heading news_title vc_gitem-post-data vc_gitem-post-data-source-post_title\" ><div style=\"text-align: left\" ><a href=\"https:\/\/www.pallkonsulten.se\/en\/lastbarare-emballage\/mellanlagg\/\" class=\"vc_gitem-link\" title=\"Mellanl\u00e4gg\">Mellanl\u00e4gg<\/a><\/div><\/div><div class=\"vc_custom_heading news_content vc_gitem-post-data vc_gitem-post-data-source-post_excerpt\" ><div style=\"text-align: left\" ><a href=\"https:\/\/www.pallkonsulten.se\/en\/lastbarare-emballage\/mellanlagg\/\" class=\"vc_gitem-link\" title=\"Mellanl\u00e4gg\"><p>Produktdata M\u00e5tt (LxBxH): 1145&#215;745 mm Vikt: kg F\u00f6rdelad last max: kg Punktlast max: kg Virkestjocklek: mm V\u00e4rmebehandling:<\/p>\n<\/a><\/div><\/div><\/div><\/div><\/div><\/div><div class=\"vc_gitem-animated-block\" ><\/div><\/div><div class=\"vc_clearfix\"><\/div><\/div><div class=\"vc_grid-item vc_clearfix vc_col-sm-4 vc_grid-item-zone-c-top vc_grid-term-10\"><div class=\"vc_grid-item-mini vc_clearfix\"><div class=\"vc_gitem-zone vc_gitem-zone-c\"><div class=\"vc_gitem-zone-mini\"><div class=\"vc_gitem_row vc_row vc_gitem-row-position-top\"><div class=\"vc_col-sm-12 vc_gitem-col vc_gitem-col-align-\">\n\t<div class=\"wpb_single_image wpb_content_element vc_align_\">\n\t\t<figure class=\"wpb_wrapper vc_figure\">\n\t\t\t<a href=\"https:\/\/www.pallkonsulten.se\/en\/lastbarare-emballage\/pallkrage-helpall-begagnad\/\" class=\"vc_gitem-link vc_single_image-wrapper vc_box_border_grey\" title=\"Pallkrage helpall (begagnad)\"><img loading=\"lazy\" decoding=\"async\" width=\"800\" height=\"600\" src=\"https:\/\/www.pallkonsulten.se\/wp-content\/uploads\/2019\/11\/kragar-transportpall.jpg\" class=\"vc_single_image-img attachment-full\" alt=\"Kragar transportpall\" title=\"Kragar transportpall\" srcset=\"https:\/\/www.pallkonsulten.se\/wp-content\/uploads\/2019\/11\/kragar-transportpall.jpg 800w, https:\/\/www.pallkonsulten.se\/wp-content\/uploads\/2019\/11\/kragar-transportpall-300x225.jpg 300w, https:\/\/www.pallkonsulten.se\/wp-content\/uploads\/2019\/11\/kragar-transportpall-768x576.jpg 768w, https:\/\/www.pallkonsulten.se\/wp-content\/uploads\/2019\/11\/kragar-transportpall-200x150.jpg 200w\" sizes=\"auto, (max-width: 800px) 100vw, 800px\" \/><\/a>\n\t\t<\/figure>\n\t<\/div>\n<div class=\"vc_custom_heading news_title vc_gitem-post-data vc_gitem-post-data-source-post_title\" ><div style=\"text-align: left\" ><a href=\"https:\/\/www.pallkonsulten.se\/en\/lastbarare-emballage\/pallkrage-helpall-begagnad\/\" class=\"vc_gitem-link\" title=\"Pallkrage helpall (begagnad)\">Pallkrage helpall (begagnad)<\/a><\/div><\/div><div class=\"vc_custom_heading news_content vc_gitem-post-data vc_gitem-post-data-source-post_excerpt\" ><div style=\"text-align: left\" ><a href=\"https:\/\/www.pallkonsulten.se\/en\/lastbarare-emballage\/pallkrage-helpall-begagnad\/\" class=\"vc_gitem-link\" title=\"Pallkrage helpall (begagnad)\"><p>Produktdata M\u00e5tt (LxBxH): 1200x800x200 mm Vikt: 7,5 kg Virkestjocklek: 20 mm V\u00e4rmebehandling: Tillval<\/p>\n<\/a><\/div><\/div><\/div><\/div><\/div><\/div><div class=\"vc_gitem-animated-block\" ><\/div><\/div><div class=\"vc_clearfix\"><\/div><\/div><div class=\"vc_grid-item vc_clearfix vc_col-sm-4 vc_grid-item-zone-c-top vc_grid-term-7 vc_grid-term-10\"><div class=\"vc_grid-item-mini vc_clearfix\"><div class=\"vc_gitem-zone vc_gitem-zone-c\"><div class=\"vc_gitem-zone-mini\"><div class=\"vc_gitem_row vc_row vc_gitem-row-position-top\"><div class=\"vc_col-sm-12 vc_gitem-col vc_gitem-col-align-\">\n\t<div class=\"wpb_single_image wpb_content_element vc_align_\">\n\t\t<figure class=\"wpb_wrapper vc_figure\">\n\t\t\t<a href=\"https:\/\/www.pallkonsulten.se\/en\/lastbarare-emballage\/eur-pallkrage\/\" class=\"vc_gitem-link vc_single_image-wrapper vc_box_border_grey\" title=\"Pallkrage helpall (nytillverkad)\"><img loading=\"lazy\" decoding=\"async\" width=\"800\" height=\"600\" src=\"https:\/\/www.pallkonsulten.se\/wp-content\/uploads\/2019\/11\/kragar-transportpall.jpg\" class=\"vc_single_image-img attachment-full\" alt=\"Kragar transportpall\" title=\"Kragar transportpall\" srcset=\"https:\/\/www.pallkonsulten.se\/wp-content\/uploads\/2019\/11\/kragar-transportpall.jpg 800w, https:\/\/www.pallkonsulten.se\/wp-content\/uploads\/2019\/11\/kragar-transportpall-300x225.jpg 300w, https:\/\/www.pallkonsulten.se\/wp-content\/uploads\/2019\/11\/kragar-transportpall-768x576.jpg 768w, https:\/\/www.pallkonsulten.se\/wp-content\/uploads\/2019\/11\/kragar-transportpall-200x150.jpg 200w\" sizes=\"auto, (max-width: 800px) 100vw, 800px\" \/><\/a>\n\t\t<\/figure>\n\t<\/div>\n<div class=\"vc_custom_heading news_title vc_gitem-post-data vc_gitem-post-data-source-post_title\" ><div style=\"text-align: left\" ><a href=\"https:\/\/www.pallkonsulten.se\/en\/lastbarare-emballage\/eur-pallkrage\/\" class=\"vc_gitem-link\" title=\"Pallkrage helpall (nytillverkad)\">Pallkrage helpall (nytillverkad)<\/a><\/div><\/div><div class=\"vc_custom_heading news_content vc_gitem-post-data vc_gitem-post-data-source-post_excerpt\" ><div style=\"text-align: left\" ><a href=\"https:\/\/www.pallkonsulten.se\/en\/lastbarare-emballage\/eur-pallkrage\/\" class=\"vc_gitem-link\" title=\"Pallkrage helpall (nytillverkad)\"><p>Produktdata M\u00e5tt (LxBxH): 1200x800x200 mm Vikt: 7,5 kg Virkestjocklek: 20 mm V\u00e4rmebehandling: Tillval<\/p>\n<\/a><\/div><\/div><\/div><\/div><\/div><\/div><div class=\"vc_gitem-animated-block\" ><\/div><\/div><div class=\"vc_clearfix\"><\/div><\/div><div class=\"vc_grid-item vc_clearfix vc_col-sm-4 vc_grid-item-zone-c-top vc_grid-term-7 vc_grid-term-14\"><div class=\"vc_grid-item-mini vc_clearfix\"><div class=\"vc_gitem-zone vc_gitem-zone-c\"><div class=\"vc_gitem-zone-mini\"><div class=\"vc_gitem_row vc_row vc_gitem-row-position-top\"><div class=\"vc_col-sm-12 vc_gitem-col vc_gitem-col-align-\">\n\t<div class=\"wpb_single_image wpb_content_element vc_align_\">\n\t\t<figure class=\"wpb_wrapper vc_figure\">\n\t\t\t<a href=\"https:\/\/www.pallkonsulten.se\/en\/lastbarare-emballage\/special-1\/\" class=\"vc_gitem-link vc_single_image-wrapper vc_box_border_grey\" title=\"Special\"><img loading=\"lazy\" decoding=\"async\" width=\"800\" height=\"600\" src=\"https:\/\/www.pallkonsulten.se\/wp-content\/uploads\/2019\/12\/bild-kommer-snart.jpg\" class=\"vc_single_image-img attachment-full\" alt=\"\" title=\"bild-kommer-snart\" srcset=\"https:\/\/www.pallkonsulten.se\/wp-content\/uploads\/2019\/12\/bild-kommer-snart.jpg 800w, https:\/\/www.pallkonsulten.se\/wp-content\/uploads\/2019\/12\/bild-kommer-snart-300x225.jpg 300w, https:\/\/www.pallkonsulten.se\/wp-content\/uploads\/2019\/12\/bild-kommer-snart-768x576.jpg 768w, https:\/\/www.pallkonsulten.se\/wp-content\/uploads\/2019\/12\/bild-kommer-snart-200x150.jpg 200w\" sizes=\"auto, (max-width: 800px) 100vw, 800px\" \/><\/a>\n\t\t<\/figure>\n\t<\/div>\n<div class=\"vc_custom_heading news_title vc_gitem-post-data vc_gitem-post-data-source-post_title\" ><div style=\"text-align: left\" ><a href=\"https:\/\/www.pallkonsulten.se\/en\/lastbarare-emballage\/special-1\/\" class=\"vc_gitem-link\" title=\"Special\">Special<\/a><\/div><\/div><div class=\"vc_custom_heading news_content vc_gitem-post-data vc_gitem-post-data-source-post_excerpt\" ><div style=\"text-align: left\" ><a href=\"https:\/\/www.pallkonsulten.se\/en\/lastbarare-emballage\/special-1\/\" class=\"vc_gitem-link\" title=\"Special\"><p>Produktdata M\u00e5tt (LxBxH): mm Vikt: kg F\u00f6rdelad last max: kg Punktlast max: kg Virkestjocklek: mm V\u00e4rmebehandling:<\/p>\n<\/a><\/div><\/div><\/div><\/div><\/div><\/div><div class=\"vc_gitem-animated-block\" ><\/div><\/div><div class=\"vc_clearfix\"><\/div><\/div><\/div><div data-lazy-loading-btn=\"true\" style=\"display: none;\"><a href=\"https:\/\/www.pallkonsulten.se\/en\/lastbarare-emballage\/\"><\/a><\/div><\/div>\n\t<\/div>\n<\/div><\/div><\/div><\/div><\/div>\n<\/div>","protected":false},"excerpt":{"rendered":"","protected":false},"author":2,"featured_media":0,"parent":0,"menu_order":0,"comment_status":"closed","ping_status":"closed","template":"","meta":{"_acf_changed":false,"footnotes":""},"categories":[],"tags":[],"class_list":["post-469","page","type-page","status-publish","hentry","description-off"],"acf":[],"_links":{"self":[{"href":"https:\/\/www.pallkonsulten.se\/en\/wp-json\/wp\/v2\/pages\/469","targetHints":{"allow":["GET"]}}],"collection":[{"href":"https:\/\/www.pallkonsulten.se\/en\/wp-json\/wp\/v2\/pages"}],"about":[{"href":"https:\/\/www.pallkonsulten.se\/en\/wp-json\/wp\/v2\/types\/page"}],"author":[{"embeddable":true,"href":"https:\/\/www.pallkonsulten.se\/en\/wp-json\/wp\/v2\/users\/2"}],"replies":[{"embeddable":true,"href":"https:\/\/www.pallkonsulten.se\/en\/wp-json\/wp\/v2\/comments?post=469"}],"version-history":[{"count":0,"href":"https:\/\/www.pallkonsulten.se\/en\/wp-json\/wp\/v2\/pages\/469\/revisions"}],"wp:attachment":[{"href":"https:\/\/www.pallkonsulten.se\/en\/wp-json\/wp\/v2\/media?parent=469"}],"wp:term":[{"taxonomy":"category","embeddable":true,"href":"https:\/\/www.pallkonsulten.se\/en\/wp-json\/wp\/v2\/categories?post=469"},{"taxonomy":"post_tag","embeddable":true,"href":"https:\/\/www.pallkonsulten.se\/en\/wp-json\/wp\/v2\/tags?post=469"}],"curies":[{"name":"wp","href":"https:\/\/api.w.org\/{rel}","templated":true}]}}