{"id":3,"date":"2019-12-01T00:00:32","date_gmt":"2019-11-30T23:00:32","guid":{"rendered":"http:\/\/pallkonsulten.se\/?page_id=3"},"modified":"2019-12-18T23:16:59","modified_gmt":"2019-12-18T22:16:59","slug":"integritetspolicy","status":"publish","type":"page","link":"https:\/\/www.pallkonsulten.se\/en\/integritetspolicy\/","title":{"rendered":"Integritetspolicy"},"content":{"rendered":"<div class=\"wpb-content-wrapper\"><div class=\"vc_row wpb_row vc_row-fluid\"><div class=\"wpb_column vc_column_container vc_col-sm-12\"><div class=\"vc_column-inner\"><div class=\"wpb_wrapper\">\n\t<div class=\"wpb_text_column wpb_content_element\" >\n\t\t<div class=\"wpb_wrapper\">\n\t\t\t<h2><strong>Om v\u00e5r integritetspolicy<\/strong><\/h2>\n<p><strong>P\u00e5 Pallkonsulten v\u00e4rnar vi om din integritet, d\u00e4rf\u00f6r behandlar vi alltid den information som du anf\u00f6rtror oss med p\u00e5 ett varsamt och ansvarsfullt s\u00e4tt. F\u00f6r att vi ska kunna leverera v\u00e5ra tj\u00e4nster beh\u00f6ver vi f\u00e5 in, anv\u00e4nda och spara vissa uppgifter om dig. Vi samlar aldrig in mer uppgifter \u00e4n vi beh\u00f6ver, och vi s\u00e4ljer aldrig uppgifterna vidare till tredje part.<\/strong><\/p>\n<p>&nbsp;<\/p>\n<h4>Laglig grund f\u00f6r behandlingen och lagringsperiod<\/h4>\n<p>Pallkonsulten behandlar alltid dina personuppgifter i enlighet med till\u00e4mplig lagstiftning. Vi behandlar dina personuppgifter n\u00e4r det \u00e4r n\u00f6dv\u00e4ndigt f\u00f6r att fullg\u00f6ra ett avtal med dig och n\u00e4r vi har andra legitima sk\u00e4l, t.ex. f\u00f6r att marknadsf\u00f6ra oss mot bes\u00f6kare p\u00e5 v\u00e5r webbplats och p\u00e5 sociala medier. Om vi skulle behandla dina personuppgifter f\u00f6r n\u00e5got \u00e4ndam\u00e5l som enlig till\u00e4mplig lagstiftning kr\u00e4ver ditt samtycke, s\u00e5 kommer vi att inh\u00e4mta ditt samtycke innan vi p\u00e5b\u00f6rjar s\u00e5dan behandling.<\/p>\n<h4>S\u00e4kerhet till skydd f\u00f6r personuppgifter<\/h4>\n<p>Pallkonsulten v\u00e4rnar om en h\u00f6g s\u00e4kerhet f\u00f6r dina personuppgifter och har i detta syfte vidtagit l\u00e4mpliga tekniska och organisatoriska s\u00e4kerhets\u00e5tg\u00e4rder f\u00f6r att skydda dina personuppgifter ifr\u00e5n obeh\u00f6rig \u00e5tkomst, \u00e4ndring, spridning eller f\u00f6rst\u00f6relse.<\/p>\n<h4>Begr\u00e4nsningar i utl\u00e4mnande av personuppgifter<\/h4>\n<p>Vi kan anlita externa samarbetspartners att utf\u00f6ra uppgifter f\u00f6r v\u00e5r r\u00e4kning, till exempel f\u00f6r att tillhandah\u00e5lla IT-tj\u00e4nster eller hj\u00e4lp med marknadsf\u00f6ring. Utf\u00f6randet av dessa tj\u00e4nster kan inneb\u00e4ra att v\u00e5ra samarbetspartners f\u00e5r tillg\u00e5ng till dina personuppgifter. Pallkonsulten kan \u00e4ven komma att l\u00e4mna ut personuppgifter till tredje part, exempelvis till polisen eller annan myndighet, om det r\u00f6r utredning av brott eller om vi annars \u00e4r skyldiga att l\u00e4mna ut s\u00e5dan uppgift med st\u00f6d av lag eller myndighetsbeslut.<\/p>\n<h4>Insamling och anv\u00e4ndning av data<\/h4>\n<p>Denna dataskyddspolicy t\u00e4cker all data som vi samlar in, till exempel fr\u00e5n webbplatser, sociala media och kontakt per telefon eller e-post.<\/p>\n<h4>Information vi samlar in om dig<\/h4>\n<p>N\u00e4r du kommer i kontakt med oss kan vi v\u00e4lja att samla in information om:<\/p>\n<ul>\n<li>F\u00f6rnamn, efternamn<\/li>\n<li>Personnummer (g\u00e4ller anst\u00e4llda i organisationen)<\/li>\n<li>F\u00f6retag\/organisation<\/li>\n<li>Din yrkesroll<\/li>\n<li>Adress<\/li>\n<li>E-postadress<\/li>\n<li>Telefonnummer<\/li>\n<\/ul>\n<h4>Hur l\u00e4nge sparar vi dina personuppgifter?<\/h4>\n<p>Vi sparar aldrig dina personuppgifter l\u00e4ngre \u00e4n vad som \u00e4r n\u00f6dv\u00e4ndigt f\u00f6r respektive \u00e4ndam\u00e5l. Hur l\u00e4nge detta \u00e4r varierar beroende p\u00e5 sk\u00e4let f\u00f6r behandlingen. Vissa uppgifter i bokf\u00f6ringen beh\u00f6ver p\u00e5 grund av lagstiftning t.ex. sparas minst sju \u00e5r.<\/p>\n<h4>Tillg\u00e5ng till personuppgifterna<\/h4>\n<p>Din integritet \u00e4r viktig f\u00f6r oss och vi hanterar dina personuppgifter med respekt och omsorg. Du har r\u00e4tt att f\u00e5 tillg\u00e5ng till dina uppgifter och f\u00e5 felaktiga uppgifter r\u00e4ttade. Du har \u00e4ven r\u00e4tt att ta tillbaka ditt samtycke till insamling och, om inga lagliga hinder finns, f\u00e5 dina uppgifter raderade.<\/p>\n<p>Kontakta oss s\u00e5 hj\u00e4lper vi dig. Skicka ett e-postmeddelande till <a href=\"mailto:mail@pkisab.se\">mail@pkisab.se<\/a> d\u00e4r du anger GDPR i \u00e4mnesraden.<\/p>\n<h4>Personuppgiftsansvarig<\/h4>\n<p>F\u00f6r de behandlingar som sker inom Pallkonsulten i Sverige AB:s verksamhet \u00e4r Pallkonsulten i Sverige AB (559085-0813) personuppgiftsansvarig. Vattenverksgatan 5, 702 27 \u00d6rebro, 019-150 500.<\/p>\n\n\t\t<\/div>\n\t<\/div>\n<\/div><\/div><\/div><\/div>\n<\/div>","protected":false},"excerpt":{"rendered":"<p>Om v\u00e5r integritetspolicy P\u00e5 Pallkonsulten v\u00e4rnar vi om din integritet, d\u00e4rf\u00f6r behandlar vi alltid den information som du anf\u00f6rtror oss med p\u00e5 ett varsamt och ansvarsfullt s\u00e4tt. F\u00f6r att vi ska kunna leverera v\u00e5ra tj\u00e4nster beh\u00f6ver vi f\u00e5 in, anv\u00e4nda och spara vissa uppgifter om dig. Vi samlar aldrig in mer uppgifter \u00e4n vi beh\u00f6ver,&hellip;<\/p>","protected":false},"author":2,"featured_media":0,"parent":0,"menu_order":0,"comment_status":"closed","ping_status":"open","template":"","meta":{"_acf_changed":false,"footnotes":""},"categories":[],"tags":[],"class_list":["post-3","page","type-page","status-publish","hentry","description-off"],"acf":[],"_links":{"self":[{"href":"https:\/\/www.pallkonsulten.se\/en\/wp-json\/wp\/v2\/pages\/3","targetHints":{"allow":["GET"]}}],"collection":[{"href":"https:\/\/www.pallkonsulten.se\/en\/wp-json\/wp\/v2\/pages"}],"about":[{"href":"https:\/\/www.pallkonsulten.se\/en\/wp-json\/wp\/v2\/types\/page"}],"author":[{"embeddable":true,"href":"https:\/\/www.pallkonsulten.se\/en\/wp-json\/wp\/v2\/users\/2"}],"replies":[{"embeddable":true,"href":"https:\/\/www.pallkonsulten.se\/en\/wp-json\/wp\/v2\/comments?post=3"}],"version-history":[{"count":0,"href":"https:\/\/www.pallkonsulten.se\/en\/wp-json\/wp\/v2\/pages\/3\/revisions"}],"wp:attachment":[{"href":"https:\/\/www.pallkonsulten.se\/en\/wp-json\/wp\/v2\/media?parent=3"}],"wp:term":[{"taxonomy":"category","embeddable":true,"href":"https:\/\/www.pallkonsulten.se\/en\/wp-json\/wp\/v2\/categories?post=3"},{"taxonomy":"post_tag","embeddable":true,"href":"https:\/\/www.pallkonsulten.se\/en\/wp-json\/wp\/v2\/tags?post=3"}],"curies":[{"name":"wp","href":"https:\/\/api.w.org\/{rel}","templated":true}]}}