{"id":203,"date":"2019-12-01T00:00:35","date_gmt":"2019-11-30T23:00:35","guid":{"rendered":"http:\/\/www.pkisab.se\/?page_id=203"},"modified":"2019-12-18T23:19:10","modified_gmt":"2019-12-18T22:19:10","slug":"miljo-och-sakerhet","status":"publish","type":"page","link":"https:\/\/www.pallkonsulten.se\/en\/om-oss\/miljo-och-sakerhet\/","title":{"rendered":"Milj\u00f6 och s\u00e4kerhet"},"content":{"rendered":"<div class=\"wpb-content-wrapper\"><div class=\"vc_row wpb_row vc_row-fluid\"><div class=\"wpb_column vc_column_container vc_col-sm-12\"><div class=\"vc_column-inner\"><div class=\"wpb_wrapper\">\n\t<div class=\"wpb_text_column wpb_content_element\" >\n\t\t<div class=\"wpb_wrapper\">\n\t\t\t<p>Milj\u00f6 och s\u00e4kerhet \u00e4r viktigt f\u00f6r oss p\u00e5 Pallkonsulten. V\u00e5r vision \u00e4r en verksamhet med noll milj\u00f6p\u00e5verkan och som \u00e4r helt fri fr\u00e5n olycksfall f\u00f6r samtliga v\u00e5ra intressenter.<\/p>\n\n\t\t<\/div>\n\t<\/div>\n<div class=\"vc_empty_space\"   style=\"height: 32px\"><span class=\"vc_empty_space_inner\"><\/span><\/div><\/div><\/div><\/div><\/div><div class=\"vc_row wpb_row vc_row-fluid\"><div class=\"wpb_column vc_column_container vc_col-sm-12\"><div class=\"vc_column-inner\"><div class=\"wpb_wrapper\">\n\t<div class=\"wpb_text_column wpb_content_element\" >\n\t\t<div class=\"wpb_wrapper\">\n\t\t\t<h2>Certifieringar och licenser<\/h2>\n\n\t\t<\/div>\n\t<\/div>\n<div class=\"vc_empty_space\"   style=\"height: 32px\"><span class=\"vc_empty_space_inner\"><\/span><\/div><\/div><\/div><\/div><\/div><div class=\"vc_row wpb_row vc_row-fluid\"><div class=\"wpb_column vc_column_container vc_col-sm-8\"><div class=\"vc_column-inner\"><div class=\"wpb_wrapper\">\n\t<div class=\"wpb_text_column wpb_content_element\" >\n\t\t<div class=\"wpb_wrapper\">\n\t\t\t<h3>EUR 160<\/h3>\n\n\t\t<\/div>\n\t<\/div>\n\n\t<div class=\"wpb_text_column wpb_content_element\" >\n\t\t<div class=\"wpb_wrapper\">\n\t\t\t<p>Pallkonsulten \u00e4r som dotterbolag till YH Entreprenad AB certifierad f\u00f6r m\u00e4rkning av lastpallar d\u00e5 hanteringen och reparation av europeisk lastpall \u00f6verensst\u00e4mmer med Internationella J\u00e4rnv\u00e4gsunionens best\u00e4mmelser.<\/p>\n\n\t\t<\/div>\n\t<\/div>\n\n\t<div class=\"wpb_text_column wpb_content_element\" >\n\t\t<div class=\"wpb_wrapper\">\n\t\t\t<p>Licens: <a href=\"\/wp-content\/uploads\/2019\/02\/Licens-1053-EUR-160.pdf\">1053-EUR-160<\/a><\/p>\n\n\t\t<\/div>\n\t<\/div>\n<\/div><\/div><\/div><div class=\"wpb_column vc_column_container vc_col-sm-4\"><div class=\"vc_column-inner\"><div class=\"wpb_wrapper\">\n\t<div  class=\"wpb_single_image wpb_content_element vc_align_left\">\n\t\t\n\t\t<figure class=\"wpb_wrapper vc_figure\">\n\t\t\t<a href=\"\/wp-content\/uploads\/2019\/02\/Licens-1053-EUR-160.pdf\" target=\"_blank\"  class=\"vc_single_image-wrapper   vc_box_border_grey rollover\"   ><img loading=\"lazy\" decoding=\"async\" width=\"165\" height=\"233\" src=\"https:\/\/www.pallkonsulten.se\/wp-content\/uploads\/2019\/02\/greencargo-licens-yh-entreprenad-ab-pallkonsulten-mini.jpg\" class=\"vc_single_image-img attachment-full\" alt=\"\" title=\"greencargo-licens-yh-entreprenad-ab-pallkonsulten-mini\" srcset=\"https:\/\/www.pallkonsulten.se\/wp-content\/uploads\/2019\/02\/greencargo-licens-yh-entreprenad-ab-pallkonsulten-mini.jpg 165w, https:\/\/www.pallkonsulten.se\/wp-content\/uploads\/2019\/02\/greencargo-licens-yh-entreprenad-ab-pallkonsulten-mini-142x200.jpg 142w\" sizes=\"auto, (max-width: 165px) 100vw, 165px\"  data-dt-location=\"https:\/\/www.pallkonsulten.se\/en\/greencargo-licens-yh-entreprenad-ab-pallkonsulten-mini\/\" \/><\/a>\n\t\t<\/figure>\n\t<\/div>\n<\/div><\/div><\/div><\/div><div class=\"vc_row wpb_row vc_row-fluid\"><div class=\"wpb_column vc_column_container vc_col-sm-8\"><div class=\"vc_column-inner\"><div class=\"wpb_wrapper\">\n\t<div class=\"wpb_text_column wpb_content_element\" >\n\t\t<div class=\"wpb_wrapper\">\n\t\t\t<h3>ISPM 15<\/h3>\n\n\t\t<\/div>\n\t<\/div>\n\n\t<div class=\"wpb_text_column wpb_content_element\" >\n\t\t<div class=\"wpb_wrapper\">\n\t\t\t<p>Pallkonsulten \u00e4r som dotterbolag till YH Entreprenad AB certifierad f\u00f6r m\u00e4rkning av v\u00e4rmebehandlad pall och emballage med ISPM 15 m\u00e4rkning.<\/p>\n\n\t\t<\/div>\n\t<\/div>\n\n\t<div class=\"wpb_text_column wpb_content_element\" >\n\t\t<div class=\"wpb_wrapper\">\n\t\t\t<p>Licens: <a href=\"\/wp-content\/uploads\/2019\/11\/SE-T9216-ISPM-15.pdf\">SE-T9216 ISPM 15<\/a><\/p>\n\n\t\t<\/div>\n\t<\/div>\n<\/div><\/div><\/div><div class=\"wpb_column vc_column_container vc_col-sm-4\"><div class=\"vc_column-inner\"><div class=\"wpb_wrapper\">\n\t<div  class=\"wpb_single_image wpb_content_element vc_align_left\">\n\t\t\n\t\t<figure class=\"wpb_wrapper vc_figure\">\n\t\t\t<a href=\"\/wp-content\/uploads\/2019\/11\/SE-T9216-ISPM-15.pdf\" target=\"_blank\"  class=\"vc_single_image-wrapper   vc_box_border_grey rollover\"   ><img loading=\"lazy\" decoding=\"async\" width=\"165\" height=\"233\" src=\"https:\/\/www.pallkonsulten.se\/wp-content\/uploads\/2019\/11\/ISPM-15-SE-T9216.jpg\" class=\"vc_single_image-img attachment-full\" alt=\"\" title=\"ISPM-15-SE-T9216\" srcset=\"https:\/\/www.pallkonsulten.se\/wp-content\/uploads\/2019\/11\/ISPM-15-SE-T9216.jpg 165w, https:\/\/www.pallkonsulten.se\/wp-content\/uploads\/2019\/11\/ISPM-15-SE-T9216-142x200.jpg 142w\" sizes=\"auto, (max-width: 165px) 100vw, 165px\"  data-dt-location=\"https:\/\/www.pallkonsulten.se\/en\/om-oss\/miljo-och-sakerhet\/attachment\/ispm-15-se-t9216\/\" \/><\/a>\n\t\t<\/figure>\n\t<\/div>\n<\/div><\/div><\/div><\/div>\n<\/div>","protected":false},"excerpt":{"rendered":"<p>Milj\u00f6 och s\u00e4kerhet \u00e4r viktigt f\u00f6r oss p\u00e5 Pallkonsulten. V\u00e5r vision \u00e4r en verksamhet med noll milj\u00f6p\u00e5verkan och som \u00e4r helt fri fr\u00e5n olycksfall f\u00f6r samtliga v\u00e5ra intressenter. Certifieringar och licenser EUR 160 Pallkonsulten \u00e4r som dotterbolag till YH Entreprenad AB certifierad f\u00f6r m\u00e4rkning av lastpallar d\u00e5 hanteringen och reparation av europeisk lastpall \u00f6verensst\u00e4mmer med&hellip;<\/p>","protected":false},"author":2,"featured_media":0,"parent":147,"menu_order":0,"comment_status":"closed","ping_status":"closed","template":"","meta":{"_acf_changed":false,"footnotes":""},"categories":[],"tags":[],"class_list":["post-203","page","type-page","status-publish","hentry","description-off"],"acf":[],"_links":{"self":[{"href":"https:\/\/www.pallkonsulten.se\/en\/wp-json\/wp\/v2\/pages\/203","targetHints":{"allow":["GET"]}}],"collection":[{"href":"https:\/\/www.pallkonsulten.se\/en\/wp-json\/wp\/v2\/pages"}],"about":[{"href":"https:\/\/www.pallkonsulten.se\/en\/wp-json\/wp\/v2\/types\/page"}],"author":[{"embeddable":true,"href":"https:\/\/www.pallkonsulten.se\/en\/wp-json\/wp\/v2\/users\/2"}],"replies":[{"embeddable":true,"href":"https:\/\/www.pallkonsulten.se\/en\/wp-json\/wp\/v2\/comments?post=203"}],"version-history":[{"count":0,"href":"https:\/\/www.pallkonsulten.se\/en\/wp-json\/wp\/v2\/pages\/203\/revisions"}],"up":[{"embeddable":true,"href":"https:\/\/www.pallkonsulten.se\/en\/wp-json\/wp\/v2\/pages\/147"}],"wp:attachment":[{"href":"https:\/\/www.pallkonsulten.se\/en\/wp-json\/wp\/v2\/media?parent=203"}],"wp:term":[{"taxonomy":"category","embeddable":true,"href":"https:\/\/www.pallkonsulten.se\/en\/wp-json\/wp\/v2\/categories?post=203"},{"taxonomy":"post_tag","embeddable":true,"href":"https:\/\/www.pallkonsulten.se\/en\/wp-json\/wp\/v2\/tags?post=203"}],"curies":[{"name":"wp","href":"https:\/\/api.w.org\/{rel}","templated":true}]}}