{"id":200,"date":"2019-12-01T00:00:02","date_gmt":"2019-11-30T23:00:02","guid":{"rendered":"http:\/\/www.pkisab.se\/?page_id=197"},"modified":"2021-02-04T12:55:29","modified_gmt":"2021-02-04T11:55:29","slug":"press","status":"publish","type":"page","link":"https:\/\/www.pallkonsulten.se\/en\/om-oss\/press\/","title":{"rendered":"Press"},"content":{"rendered":"<div class=\"wpb-content-wrapper\"><div class=\"vc_row wpb_row vc_row-fluid\"><div class=\"wpb_column vc_column_container vc_col-sm-12\"><div class=\"vc_column-inner\"><div class=\"wpb_wrapper\">\n\t<div class=\"wpb_text_column wpb_content_element\" >\n\t\t<div class=\"wpb_wrapper\">\n\t\t\t<p>Pallkonsulten har h\u00e4r samlat alla pressmeddelanden, nyheter och pressrelaterat material, fritt att anv\u00e4nda utifr\u00e5n r\u00e5dande direktiv. Kontakta pressansvarig om det \u00e4r n\u00e5got som \u00e4r oklart eller saknas.<\/p>\n\n\t\t<\/div>\n\t<\/div>\n<\/div><\/div><\/div><\/div><div class=\"vc_row wpb_row vc_row-fluid\"><div class=\"wpb_column vc_column_container vc_col-sm-4\"><div class=\"vc_column-inner\"><div class=\"wpb_wrapper\">\n\t<div class=\"wpb_text_column wpb_content_element\" >\n\t\t<div class=\"wpb_wrapper\">\n\t\t\t<h4>Presskontakt<\/h4>\n\n\t\t<\/div>\n\t<\/div>\n\n\t<div class=\"wpb_text_column wpb_content_element\" >\n\t\t<div class=\"wpb_wrapper\">\n\t\t\t<p>Vi tar endast emot pressrelaterade f\u00f6rfr\u00e5gningar per mail.<\/p>\n\n\t\t<\/div>\n\t<\/div>\n\n\t<div class=\"wpb_text_column wpb_content_element\" >\n\t\t<div class=\"wpb_wrapper\">\n\t\t\t<p>E-post: <a href=\"mailto:press@pkisab.se\">press@pkisab.se<\/a><\/p>\n\n\t\t<\/div>\n\t<\/div>\n\n\t<div class=\"wpb_text_column wpb_content_element\" >\n\t\t<div class=\"wpb_wrapper\">\n\t\t\t<h4>Logotyp<\/h4>\n\n\t\t<\/div>\n\t<\/div>\n\n\t<div  class=\"wpb_single_image wpb_content_element vc_align_center\">\n\t\t\n\t\t<figure class=\"wpb_wrapper vc_figure\">\n\t\t\t<div class=\"vc_single_image-wrapper   vc_box_border_grey\"><img loading=\"lazy\" decoding=\"async\" width=\"2014\" height=\"699\" src=\"https:\/\/www.pallkonsulten.se\/wp-content\/uploads\/2019\/12\/Pallkonsulten_Logotypes.jpg\" class=\"vc_single_image-img attachment-full\" alt=\"\" title=\"Pallkonsulten_Logotypes\" srcset=\"https:\/\/www.pallkonsulten.se\/wp-content\/uploads\/2019\/12\/Pallkonsulten_Logotypes.jpg 2014w, https:\/\/www.pallkonsulten.se\/wp-content\/uploads\/2019\/12\/Pallkonsulten_Logotypes-300x104.jpg 300w, https:\/\/www.pallkonsulten.se\/wp-content\/uploads\/2019\/12\/Pallkonsulten_Logotypes-1024x355.jpg 1024w, https:\/\/www.pallkonsulten.se\/wp-content\/uploads\/2019\/12\/Pallkonsulten_Logotypes-768x267.jpg 768w, https:\/\/www.pallkonsulten.se\/wp-content\/uploads\/2019\/12\/Pallkonsulten_Logotypes-1536x533.jpg 1536w, https:\/\/www.pallkonsulten.se\/wp-content\/uploads\/2019\/12\/Pallkonsulten_Logotypes-200x69.jpg 200w\" sizes=\"auto, (max-width: 2014px) 100vw, 2014px\"  data-dt-location=\"https:\/\/www.pallkonsulten.se\/en\/om-oss\/press\/attachment\/pallkonsulten_logotypes\/\" \/><\/div>\n\t\t<\/figure>\n\t<\/div>\n\n\t<div class=\"wpb_text_column wpb_content_element\" >\n\t\t<div class=\"wpb_wrapper\">\n\t\t\t<p>Logotypen ska ha en fri yta runt om som \u00e4r lika stor som h\u00f6jden p\u00e5 logotypen. Logotypens bredd ska aldrig vara mindre \u00e4n 12 mm.<\/p>\n\n\t\t<\/div>\n\t<\/div>\n\n\t<div class=\"wpb_text_column wpb_content_element\" >\n\t\t<div class=\"wpb_wrapper\">\n\t\t\t<p><strong>Pressbilder<\/strong><\/p>\n<p>Pallkonsultens pressbilder \u00e4r fria att anv\u00e4nda f\u00f6r press och media.<\/p>\n<p><a href=\"#\">Pallkonsulten_huvudkontor.jpg<\/a><\/p>\n<p><a href=\"#\">Pallkonsulten_lageryta.jpg<\/a><\/p>\n<p><a href=\"#\">Pallkonsulten_transport.jpg<\/a><\/p>\n\n\t\t<\/div>\n\t<\/div>\n<\/div><\/div><\/div><div class=\"wpb_column vc_column_container vc_col-sm-4\"><div class=\"vc_column-inner\"><div class=\"wpb_wrapper\">\n\t<div class=\"wpb_text_column wpb_content_element\" >\n\t\t<div class=\"wpb_wrapper\">\n\t\t\t<h4>Ladda ner logotyp<\/h4>\n\n\t\t<\/div>\n\t<\/div>\n\n\t<div class=\"wpb_text_column wpb_content_element\" >\n\t\t<div class=\"wpb_wrapper\">\n\t\t\t<p>Ladda ner Pallkonsultens logotyp i \u00f6nskat format eller h\u00e4mta hela logopacket inneh\u00e5llandes vektoriserad version.<\/p>\n\n\t\t<\/div>\n\t<\/div>\n\n\t<div class=\"wpb_text_column wpb_content_element\" >\n\t\t<div class=\"wpb_wrapper\">\n\t\t\t<p><a href=\"https:\/\/pallkonsultenisverigeab.sharepoint.com\/:u:\/g\/EbPTi3ib7HlIvVYu7ZGTOAYBaFyc_f0eLG2zUF-zdKXW-g?e=w5DfXu\">Pallkonsulten.ai<\/a><\/p>\n<p><a href=\"https:\/\/pallkonsultenisverigeab.sharepoint.com\/:u:\/g\/EYE76z1xHU1AvLXtybWS1qQBXhn0Q0XBTIo58LAnYW-WbQ?e=Wpd9Qk\">Pallkonsulten.eps<\/a><\/p>\n<p><a href=\"https:\/\/www.pallkonsulten.se\/wp-content\/uploads\/2019\/12\/Pallkonsulten.pdf\">Pallkonsulten.pdf<\/a><\/p>\n<p><a href=\"https:\/\/www.pallkonsulten.se\/wp-content\/uploads\/2019\/12\/Pallkonsulten.jpg\">Pallkonsulten.jpg<\/a><\/p>\n<p><a href=\"https:\/\/www.pallkonsulten.se\/wp-content\/uploads\/2019\/12\/Pallkonsulten_cmyk.jpg\">Pallkonsulten_CMYK.jpg<\/a><\/p>\n<p><a href=\"https:\/\/www.pallkonsulten.se\/wp-content\/uploads\/2019\/12\/Pallkonsulten.png\">Pallkonsulten.png<\/a><\/p>\n<p><a href=\"https:\/\/pallkonsultenisverigeab.sharepoint.com\/:u:\/g\/ER_DnrPFQ8FChzCQl9r_MQkB4f48Gy-lJb5FYpw3Clranw?e=Ivn3rW\">Pallkonsulten_logopack.zip<\/a><\/p>\n<p><a href=\"https:\/\/www.pallkonsulten.se\/wp-content\/uploads\/2019\/12\/logotype_clearspace.png\">Pallkonsulten_friyta.png<\/a><\/p>\n\n\t\t<\/div>\n\t<\/div>\n<\/div><\/div><\/div><div class=\"wpb_column vc_column_container vc_col-sm-4\"><div class=\"vc_column-inner\"><div class=\"wpb_wrapper\"><div  class=\"vc_wp_posts wpb_content_element customLP\">\n\t\t<div class=\"widget widget_recent_entries\">\n\t\t<h2 class=\"widgettitle\">Pressmeddelanden och nyheter<\/h2>\n\t\t<ul>\n\t\t\t\t\t\t\t\t\t\t\t<li>\n\t\t\t\t\t<a href=\"https:\/\/www.pallkonsulten.se\/en\/pressmeddelanden\/lediga-lokaler-och-lager-i-orebro\/\">Lediga lokaler och lager i \u00d6rebro<\/a>\n\t\t\t\t\t\t\t\t\t\t\t<span class=\"post-date\">22 March, 2024<\/span>\n\t\t\t\t\t\t\t\t\t<\/li>\n\t\t\t\t\t\t\t\t\t\t\t<li>\n\t\t\t\t\t<a href=\"https:\/\/www.pallkonsulten.se\/en\/jobb\/nu-soker-vi-ny-truckforare-med-erfarenhet\/\">Nu s\u00f6ker vi ny truckf\u00f6rare med erfarenhet<\/a>\n\t\t\t\t\t\t\t\t\t\t\t<span class=\"post-date\">20 March, 2024<\/span>\n\t\t\t\t\t\t\t\t\t<\/li>\n\t\t\t\t\t\t\t\t\t\t\t<li>\n\t\t\t\t\t<a href=\"https:\/\/www.pallkonsulten.se\/en\/jobb\/nu-soker-vi-erfaren-truckforare\/\">Nu s\u00f6ker vi erfaren truckf\u00f6rare (St\u00e4ngd)<\/a>\n\t\t\t\t\t\t\t\t\t\t\t<span class=\"post-date\">24 August, 2023<\/span>\n\t\t\t\t\t\t\t\t\t<\/li>\n\t\t\t\t\t\t\t\t\t\t\t<li>\n\t\t\t\t\t<a href=\"https:\/\/www.pallkonsulten.se\/en\/jobb\/nu-soker-vi-erfaren-pallreparator\/\">Nu s\u00f6ker vi erfaren pallreparat\u00f6r (St\u00e4ngd)<\/a>\n\t\t\t\t\t\t\t\t\t\t\t<span class=\"post-date\">10 May, 2023<\/span>\n\t\t\t\t\t\t\t\t\t<\/li>\n\t\t\t\t\t\t\t\t\t\t\t<li>\n\t\t\t\t\t<a href=\"https:\/\/www.pallkonsulten.se\/en\/nyheter\/pallkonsulten-har-nytt-telefonnummer\/\">Pallkonsulten har nytt telefonnummer<\/a>\n\t\t\t\t\t\t\t\t\t\t\t<span class=\"post-date\">1 July, 2019<\/span>\n\t\t\t\t\t\t\t\t\t<\/li>\n\t\t\t\t\t<\/ul>\n\n\t\t<\/div><\/div><\/div><\/div><\/div><\/div>\n<\/div>","protected":false},"excerpt":{"rendered":"<p>Pallkonsulten har h\u00e4r samlat alla pressmeddelanden, nyheter och pressrelaterat material, fritt att anv\u00e4nda utifr\u00e5n r\u00e5dande direktiv. Kontakta pressansvarig om det \u00e4r n\u00e5got som \u00e4r oklart eller saknas. Presskontakt Vi tar endast emot pressrelaterade f\u00f6rfr\u00e5gningar per mail. E-post: press@pkisab.se Logotyp Logotypen ska ha en fri yta runt om som \u00e4r lika stor som h\u00f6jden p\u00e5 logotypen.&hellip;<\/p>","protected":false},"author":2,"featured_media":0,"parent":147,"menu_order":0,"comment_status":"closed","ping_status":"closed","template":"","meta":{"_acf_changed":false,"footnotes":""},"categories":[],"tags":[],"class_list":["post-200","page","type-page","status-publish","hentry","description-off"],"acf":[],"_links":{"self":[{"href":"https:\/\/www.pallkonsulten.se\/en\/wp-json\/wp\/v2\/pages\/200","targetHints":{"allow":["GET"]}}],"collection":[{"href":"https:\/\/www.pallkonsulten.se\/en\/wp-json\/wp\/v2\/pages"}],"about":[{"href":"https:\/\/www.pallkonsulten.se\/en\/wp-json\/wp\/v2\/types\/page"}],"author":[{"embeddable":true,"href":"https:\/\/www.pallkonsulten.se\/en\/wp-json\/wp\/v2\/users\/2"}],"replies":[{"embeddable":true,"href":"https:\/\/www.pallkonsulten.se\/en\/wp-json\/wp\/v2\/comments?post=200"}],"version-history":[{"count":9,"href":"https:\/\/www.pallkonsulten.se\/en\/wp-json\/wp\/v2\/pages\/200\/revisions"}],"predecessor-version":[{"id":1318,"href":"https:\/\/www.pallkonsulten.se\/en\/wp-json\/wp\/v2\/pages\/200\/revisions\/1318"}],"up":[{"embeddable":true,"href":"https:\/\/www.pallkonsulten.se\/en\/wp-json\/wp\/v2\/pages\/147"}],"wp:attachment":[{"href":"https:\/\/www.pallkonsulten.se\/en\/wp-json\/wp\/v2\/media?parent=200"}],"wp:term":[{"taxonomy":"category","embeddable":true,"href":"https:\/\/www.pallkonsulten.se\/en\/wp-json\/wp\/v2\/categories?post=200"},{"taxonomy":"post_tag","embeddable":true,"href":"https:\/\/www.pallkonsulten.se\/en\/wp-json\/wp\/v2\/tags?post=200"}],"curies":[{"name":"wp","href":"https:\/\/api.w.org\/{rel}","templated":true}]}}