{"id":199,"date":"2019-12-01T00:00:58","date_gmt":"2019-11-30T23:00:58","guid":{"rendered":"http:\/\/pkisab.se\/?page_id=10"},"modified":"2019-12-18T23:23:41","modified_gmt":"2019-12-18T22:23:41","slug":"vart-erbjudande","status":"publish","type":"page","link":"https:\/\/www.pallkonsulten.se\/en\/vart-erbjudande\/","title":{"rendered":"V\u00e5rt erbjudande"},"content":{"rendered":"<div class=\"wpb-content-wrapper\"><div class=\"vc_row wpb_row vc_row-fluid\"><div class=\"wpb_column vc_column_container vc_col-sm-9\"><div class=\"vc_column-inner\"><div class=\"wpb_wrapper\"><div class=\"vc_empty_space\"   style=\"height: 42px\"><span class=\"vc_empty_space_inner\"><\/span><\/div>\n\t<div class=\"wpb_text_column wpb_content_element  inlineList\" >\n\t\t<div class=\"wpb_wrapper\">\n\t\t\t<div id=\"content\" class=\"content\" role=\"main\">\n<div class=\"vc_row wpb_row vc_row-fluid\">\n<div class=\"wpb_column vc_column_container vc_col-sm-12\">\n<div class=\"vc_column-inner\">\n<div class=\"wpb_wrapper\">\n<div class=\"wpb_text_column wpb_content_element\">\n<div class=\"wpb_wrapper\">\n<ul>\n<li style=\"text-align: center;\"><strong>Lojalitet och stabilitet med kundfokus<\/strong><\/li>\n<li style=\"text-align: center;\"><strong>\u00d6kad l\u00f6nsamhet med transparens och kontroll<\/strong><\/li>\n<li style=\"text-align: center;\"><strong>Innovativ logistikutveckling och nyt\u00e4nkande<\/strong><\/li>\n<li style=\"text-align: center;\"><strong>Retursystem med fokus p\u00e5 h\u00e5llbarhet och milj\u00f6<\/strong><\/li>\n<li style=\"text-align: center;\"><strong>Cirkul\u00e4r aff\u00e4rsmodell ger stora besparingar<\/strong><\/li>\n<\/ul>\n<\/div>\n<\/div>\n<\/div>\n<\/div>\n<\/div>\n<\/div>\n<\/div>\n\n\t\t<\/div>\n\t<\/div>\n<\/div><\/div><\/div><div class=\"wpb_column vc_column_container vc_col-sm-3\"><div class=\"vc_column-inner\"><div class=\"wpb_wrapper\">\n\t<div  class=\"wpb_single_image wpb_content_element vc_align_center\">\n\t\t\n\t\t<figure class=\"wpb_wrapper vc_figure\">\n\t\t\t<div class=\"vc_single_image-wrapper   vc_box_border_grey\"><img loading=\"lazy\" decoding=\"async\" width=\"257\" height=\"300\" src=\"https:\/\/www.pallkonsulten.se\/wp-content\/uploads\/2019\/12\/pallis-totalpartner-pallkonsulten-257x300.png\" class=\"vc_single_image-img attachment-medium\" alt=\"\" title=\"Pallis - Totalpartner Pallkonsulten\" srcset=\"https:\/\/www.pallkonsulten.se\/wp-content\/uploads\/2019\/12\/pallis-totalpartner-pallkonsulten-257x300.png 257w, https:\/\/www.pallkonsulten.se\/wp-content\/uploads\/2019\/12\/pallis-totalpartner-pallkonsulten-878x1024.png 878w, https:\/\/www.pallkonsulten.se\/wp-content\/uploads\/2019\/12\/pallis-totalpartner-pallkonsulten-768x896.png 768w, https:\/\/www.pallkonsulten.se\/wp-content\/uploads\/2019\/12\/pallis-totalpartner-pallkonsulten-171x200.png 171w, https:\/\/www.pallkonsulten.se\/wp-content\/uploads\/2019\/12\/pallis-totalpartner-pallkonsulten.png 1200w\" sizes=\"auto, (max-width: 257px) 100vw, 257px\"  data-dt-location=\"https:\/\/www.pallkonsulten.se\/en\/vart-erbjudande\/attachment\/pallis-totalpartner-pallkonsulten\/\" \/><\/div>\n\t\t<\/figure>\n\t<\/div>\n<\/div><\/div><\/div><\/div><div class=\"vc_row wpb_row vc_row-fluid\"><div class=\"wpb_column vc_column_container vc_col-sm-12\"><div class=\"vc_column-inner\"><div class=\"wpb_wrapper\"><div class=\"vc_separator wpb_content_element vc_separator_align_center vc_sep_width_100 vc_sep_pos_align_center vc_separator_no_text vc_sep_color_grey wpb_content_element  wpb_content_element\" ><span class=\"vc_sep_holder vc_sep_holder_l\"><span class=\"vc_sep_line\"><\/span><\/span><span class=\"vc_sep_holder vc_sep_holder_r\"><span class=\"vc_sep_line\"><\/span><\/span>\n<\/div><\/div><\/div><\/div><\/div><div class=\"vc_row wpb_row vc_row-fluid\"><div class=\"wpb_column vc_column_container vc_col-sm-6\"><div class=\"vc_column-inner\"><div class=\"wpb_wrapper\"><div class=\"vc_empty_space\" id=\"Totalpartner\"  style=\"height: 32px\"><span class=\"vc_empty_space_inner\"><\/span><\/div>\n\t<div class=\"wpb_text_column wpb_content_element\" >\n\t\t<div class=\"wpb_wrapper\">\n\t\t\t<h2>Totalpartner<\/h2>\n\n\t\t<\/div>\n\t<\/div>\n\n\t<div class=\"wpb_text_column wpb_content_element\" >\n\t\t<div class=\"wpb_wrapper\">\n\t\t\t<p>Vid ett samarbete med oss skaffar vi en \u00f6vergripande blick \u00f6ver hela kundens verksamhets emballagefl\u00f6de och har l\u00f6sningar f\u00f6r att optimera alla typer av fl\u00f6den och emballage. Vi \u00e4r med hela v\u00e4gen och ser till att man kan fokusera p\u00e5 sitt f\u00f6retags k\u00e4rnverksamhet samtidigt som man sparar pengar och milj\u00f6. Vi s\u00f6ker hela tiden aktivt efter de mest gynnsamma och kostnadseffektiva samarbetena f\u00f6r kundens verksamhet.<\/p>\n\n\t\t<\/div>\n\t<\/div>\n<\/div><\/div><\/div><div class=\"wpb_column vc_column_container vc_col-sm-6\"><div class=\"vc_column-inner\"><div class=\"wpb_wrapper\"><div class=\"vc_empty_space\"   style=\"height: 32px\"><span class=\"vc_empty_space_inner\"><\/span><\/div>\n\t<div class=\"wpb_text_column wpb_content_element\" >\n\t\t<div class=\"wpb_wrapper\">\n\t\t\t<h2>Retursystem<\/h2>\n\n\t\t<\/div>\n\t<\/div>\n\n\t<div class=\"wpb_text_column wpb_content_element\" >\n\t\t<div class=\"wpb_wrapper\">\n\t\t\t<p>Att drastiskt minska sitt f\u00f6retags kostnader och milj\u00f6p\u00e5verkan g\u00e4llande emballage kan i samarbete med Pallkonsulten inom kort bli en verklighet f\u00f6r ditt f\u00f6retag. Vi hj\u00e4lper v\u00e5ra kunder att identifiera besparingsm\u00f6jligheter och s\u00e4tter upp retursystem mellan kunden och dess samarbetspartners som g\u00f6r det m\u00f6jligt att \u00e5teranv\u00e4nda alla typer av tr\u00e4emballage som anv\u00e4nds i verksamheten, om och om igen.<\/p>\n\n\t\t<\/div>\n\t<\/div>\n<\/div><\/div><\/div><\/div><div class=\"vc_row wpb_row vc_row-fluid\"><div class=\"wpb_column vc_column_container vc_col-sm-6\"><div class=\"vc_column-inner\"><div class=\"wpb_wrapper\"><div class=\"vc_empty_space\" id=\"Flodesoptimering\"  style=\"height: 90px\"><span class=\"vc_empty_space_inner\"><\/span><\/div>\n\t<div class=\"wpb_text_column wpb_content_element\" >\n\t\t<div class=\"wpb_wrapper\">\n\t\t\t<h2>Fl\u00f6desoptimering<\/h2>\n\n\t\t<\/div>\n\t<\/div>\n\n\t<div class=\"wpb_text_column wpb_content_element\" >\n\t\t<div class=\"wpb_wrapper\">\n\t\t\t<p>Fl\u00f6det av emballage \u00e4r helt avg\u00f6rande f\u00f6r alla verksamheter, det ska bara finnas. Vi tillgodoser v\u00e5ra kunders behov genom att s\u00e4kerst\u00e4lla r\u00e4tt m\u00e4ngd och sort av emballage finns tillg\u00e4ngligt i verksamheten.<\/p>\n\n\t\t<\/div>\n\t<\/div>\n<\/div><\/div><\/div><div class=\"wpb_column vc_column_container vc_col-sm-6\"><div class=\"vc_column-inner\"><div class=\"wpb_wrapper\"><div class=\"vc_empty_space\" id=\"Logistikutveckling\"  style=\"height: 90px\"><span class=\"vc_empty_space_inner\"><\/span><\/div>\n\t<div class=\"wpb_text_column wpb_content_element\" >\n\t\t<div class=\"wpb_wrapper\">\n\t\t\t<h2>Logistikutveckling<\/h2>\n\n\t\t<\/div>\n\t<\/div>\n\n\t<div class=\"wpb_text_column wpb_content_element\" >\n\t\t<div class=\"wpb_wrapper\">\n\t\t\t<p>Att ha full kontroll \u00f6ver sin verksamhets materialfl\u00f6den \u00e4r A och O f\u00f6r att uppn\u00e5 h\u00f6gsta m\u00f6jliga effektivitet och service och d\u00e4rmed tillfredsst\u00e4lla olika parter i fl\u00f6deskedja. Vi f\u00f6ljer v\u00e5ra kunders utveckling och ser alltid till att era emballagebehov tillgodoses.<\/p>\n\n\t\t<\/div>\n\t<\/div>\n<\/div><\/div><\/div><\/div><div class=\"vc_row wpb_row vc_row-fluid\"><div class=\"wpb_column vc_column_container vc_col-sm-6\"><div class=\"vc_column-inner\"><div class=\"wpb_wrapper\"><div class=\"vc_empty_space\" id=\"Pallsortering\"  style=\"height: 90px\"><span class=\"vc_empty_space_inner\"><\/span><\/div>\n\t<div class=\"wpb_text_column wpb_content_element\" >\n\t\t<div class=\"wpb_wrapper\">\n\t\t\t<h2>Pallsortering<\/h2>\n\n\t\t<\/div>\n\t<\/div>\n\n\t<div class=\"wpb_text_column wpb_content_element\" >\n\t\t<div class=\"wpb_wrapper\">\n\t\t\t<p>Ute p\u00e5 v\u00e5ra hubbar sorterar vi allt emballage f\u00f6r v\u00e5ra kunder och f\u00e5r fram Sveriges finaste lastpallar. V\u00e5r kunskap och unika rutiner bidrar till en mycket h\u00f6g kvalitet p\u00e5 sorteringen och mindre antal kasserade pallar vilket gynnar v\u00e5ra kunder och sj\u00e4lvklart milj\u00f6n.<\/p>\n\n\t\t<\/div>\n\t<\/div>\n<\/div><\/div><\/div><div class=\"wpb_column vc_column_container vc_col-sm-6\"><div class=\"vc_column-inner\"><div class=\"wpb_wrapper\"><div class=\"vc_empty_space\" id=\"Pallreparation\"  style=\"height: 90px\"><span class=\"vc_empty_space_inner\"><\/span><\/div>\n\t<div class=\"wpb_text_column wpb_content_element\" >\n\t\t<div class=\"wpb_wrapper\">\n\t\t\t<h2>Pallreparation\/Reparation light<\/h2>\n\n\t\t<\/div>\n\t<\/div>\n\n\t<div class=\"wpb_text_column wpb_content_element\" >\n\t\t<div class=\"wpb_wrapper\">\n\t\t\t<p>Som en naturlig del i v\u00e5rt milj\u00f6fokus erbjuder Pallkonsulten det vi kallar f\u00f6r reparation light, vilket bidrar till mindre antal kasserade pallar f\u00f6r v\u00e5ra kunder. Vi erbjuder naturligtvis \u00e4ven traditionell kontroll och pallreparation av EUR-pallar. Pallkonsulten \u00e4r licensierade och godk\u00e4nda f\u00f6r pall\u00f6verf\u00f6ringssystemet enligt DNV-normer.<\/p>\n\n\t\t<\/div>\n\t<\/div>\n<\/div><\/div><\/div><\/div><div class=\"vc_row wpb_row vc_row-fluid\"><div class=\"wpb_column vc_column_container vc_col-sm-6\"><div class=\"vc_column-inner\"><div class=\"wpb_wrapper\"><div class=\"vc_empty_space\" id=\"Saldohantering\"  style=\"height: 90px\"><span class=\"vc_empty_space_inner\"><\/span><\/div>\n\t<div class=\"wpb_text_column wpb_content_element\" >\n\t\t<div class=\"wpb_wrapper\">\n\t\t\t<h2>Saldohantering<\/h2>\n\n\t\t<\/div>\n\t<\/div>\n\n\t<div class=\"wpb_text_column wpb_content_element\" >\n\t\t<div class=\"wpb_wrapper\">\n\t\t\t<p>Vi erbjuder l\u00f6sningar f\u00f6r saldohantering f\u00e5r v\u00e5ra kunder nu m\u00f6jligheten till fullst\u00e4ndig och exakt kontroll \u00f6ver saldon f\u00f6r allt sitt emballage.<\/p>\n\n\t\t<\/div>\n\t<\/div>\n<\/div><\/div><\/div><div class=\"wpb_column vc_column_container vc_col-sm-6\"><div class=\"vc_column-inner\"><div class=\"wpb_wrapper\"><div class=\"vc_empty_space\" id=\"Standardemballage\"  style=\"height: 90px\"><span class=\"vc_empty_space_inner\"><\/span><\/div>\n\t<div class=\"wpb_text_column wpb_content_element\" >\n\t\t<div class=\"wpb_wrapper\">\n\t\t\t<h2>Standardemballage<\/h2>\n\n\t\t<\/div>\n\t<\/div>\n\n\t<div class=\"wpb_text_column wpb_content_element\" >\n\t\t<div class=\"wpb_wrapper\">\n\t\t\t<p>V\u00e5ra kunder kan k\u00f6pa sitt standard emballage genom oss och v\u00e5rt n\u00e4tverk med samarbetspartners. Vi f\u00f6rmedlar er ink\u00f6psf\u00f6rfr\u00e5gan och genom ink\u00f6p av emballage i st\u00f6rre volymer fr\u00e5n flera kunder s\u00e4kerst\u00e4ller vi b\u00e4sta m\u00f6jliga ink\u00f6pspris. Vi f\u00f6rmedlar EUR helpall, EUR halvpall, eng\u00e5ngspall, pallkragar, lock etc.<\/p>\n\n\t\t<\/div>\n\t<\/div>\n<\/div><\/div><\/div><\/div><div class=\"vc_row wpb_row vc_row-fluid\"><div class=\"wpb_column vc_column_container vc_col-sm-6\"><div class=\"vc_column-inner\"><div class=\"wpb_wrapper\"><div class=\"vc_empty_space\" id=\"Specialemballage\"  style=\"height: 90px\"><span class=\"vc_empty_space_inner\"><\/span><\/div>\n\t<div class=\"wpb_text_column wpb_content_element\" >\n\t\t<div class=\"wpb_wrapper\">\n\t\t\t<h2>Specialemballage<\/h2>\n\n\t\t<\/div>\n\t<\/div>\n\n\t<div class=\"wpb_text_column wpb_content_element\" >\n\t\t<div class=\"wpb_wrapper\">\n\t\t\t<p>Vi \u00e4r pionj\u00e4rer i hantering av specialemballage och har dom b\u00e4sta kontakterna. D\u00e4rf\u00f6r kan vi erbjuda v\u00e5ra kunder b\u00e5de nytt specialemballage men \u00e4ven retursystem som hj\u00e4lper v\u00e5ra kunder att hantera dessa p\u00e5 ett mycket mer ekonomiskt och milj\u00f6m\u00e4ssigt h\u00e5llbart s\u00e4tt.<\/p>\n\n\t\t<\/div>\n\t<\/div>\n<\/div><\/div><\/div><div class=\"wpb_column vc_column_container vc_col-sm-6\"><div class=\"vc_column-inner\"><div class=\"wpb_wrapper\"><div class=\"vc_empty_space\" id=\"Omex\"  style=\"height: 90px\"><span class=\"vc_empty_space_inner\"><\/span><\/div>\n\t<div class=\"wpb_text_column wpb_content_element\" >\n\t\t<div class=\"wpb_wrapper\">\n\t\t\t<h2>Omex<\/h2>\n\n\t\t<\/div>\n\t<\/div>\n\n\t<div class=\"wpb_text_column wpb_content_element\" >\n\t\t<div class=\"wpb_wrapper\">\n\t\t\t<p>F\u00f6r att kunna minska trafiken p\u00e5 v\u00e5ra kunders omr\u00e5den och i centrala stadsdelar erbjuder vi Omex (omlastning), det l\u00e4ttar \u00e4ven p\u00e5 kundens arbetsb\u00f6rda d\u00e5 exempelvis lossning sker vid f\u00e4rre tillf\u00e4llen.<\/p>\n\n\t\t<\/div>\n\t<\/div>\n<div class=\"vc_empty_space\"   style=\"height: 32px\"><span class=\"vc_empty_space_inner\"><\/span><\/div><\/div><\/div><\/div><\/div>\n<\/div>","protected":false},"excerpt":{"rendered":"<p>Lojalitet och stabilitet med kundfokus \u00d6kad l\u00f6nsamhet med transparens och kontroll Innovativ logistikutveckling och nyt\u00e4nkande Retursystem med fokus p\u00e5 h\u00e5llbarhet och milj\u00f6 Cirkul\u00e4r aff\u00e4rsmodell ger stora besparingar Totalpartner Vid ett samarbete med oss skaffar vi en \u00f6vergripande blick \u00f6ver hela kundens verksamhets emballagefl\u00f6de och har l\u00f6sningar f\u00f6r att optimera alla typer av fl\u00f6den och emballage.&hellip;<\/p>","protected":false},"author":2,"featured_media":0,"parent":0,"menu_order":0,"comment_status":"closed","ping_status":"closed","template":"","meta":{"_acf_changed":false,"footnotes":""},"categories":[],"tags":[],"class_list":["post-199","page","type-page","status-publish","hentry","description-off"],"acf":[],"_links":{"self":[{"href":"https:\/\/www.pallkonsulten.se\/en\/wp-json\/wp\/v2\/pages\/199","targetHints":{"allow":["GET"]}}],"collection":[{"href":"https:\/\/www.pallkonsulten.se\/en\/wp-json\/wp\/v2\/pages"}],"about":[{"href":"https:\/\/www.pallkonsulten.se\/en\/wp-json\/wp\/v2\/types\/page"}],"author":[{"embeddable":true,"href":"https:\/\/www.pallkonsulten.se\/en\/wp-json\/wp\/v2\/users\/2"}],"replies":[{"embeddable":true,"href":"https:\/\/www.pallkonsulten.se\/en\/wp-json\/wp\/v2\/comments?post=199"}],"version-history":[{"count":0,"href":"https:\/\/www.pallkonsulten.se\/en\/wp-json\/wp\/v2\/pages\/199\/revisions"}],"wp:attachment":[{"href":"https:\/\/www.pallkonsulten.se\/en\/wp-json\/wp\/v2\/media?parent=199"}],"wp:term":[{"taxonomy":"category","embeddable":true,"href":"https:\/\/www.pallkonsulten.se\/en\/wp-json\/wp\/v2\/categories?post=199"},{"taxonomy":"post_tag","embeddable":true,"href":"https:\/\/www.pallkonsulten.se\/en\/wp-json\/wp\/v2\/tags?post=199"}],"curies":[{"name":"wp","href":"https:\/\/api.w.org\/{rel}","templated":true}]}}