{"id":192,"date":"2019-12-01T00:00:26","date_gmt":"2019-11-30T23:00:26","guid":{"rendered":"http:\/\/www.pkisab.se\/?page_id=192"},"modified":"2019-12-18T23:16:27","modified_gmt":"2019-12-18T22:16:27","slug":"hallbarhet","status":"publish","type":"page","link":"https:\/\/www.pallkonsulten.se\/en\/hallbarhet\/","title":{"rendered":"H\u00e5llbarhet"},"content":{"rendered":"<div class=\"wpb-content-wrapper\"><div class=\"vc_row wpb_row vc_row-fluid\"><div class=\"wpb_column vc_column_container vc_col-sm-12\"><div class=\"vc_column-inner\"><div class=\"wpb_wrapper\">\n\t<div class=\"wpb_text_column wpb_content_element\" >\n\t\t<div class=\"wpb_wrapper\">\n\t\t\t<blockquote><p>\nF\u00f6r att bidra till en h\u00e5llbar utveckling ska lastpallar och pallkragar inte k\u00f6pas och s\u00e4ljas, de ska \u00e5teranv\u00e4ndas&#8230; p\u00e5 riktigt!\n<\/p><\/blockquote>\n\n\t\t<\/div>\n\t<\/div>\n<\/div><\/div><\/div><\/div><div class=\"vc_row wpb_row vc_row-fluid\"><div class=\"wpb_column vc_column_container vc_col-sm-6\"><div class=\"vc_column-inner\"><div class=\"wpb_wrapper\">\n\t<div class=\"wpb_text_column wpb_content_element\" >\n\t\t<div class=\"wpb_wrapper\">\n\t\t\t<h3>Ekologisk h\u00e5llbarhet<\/h3>\n<p>Pallkonsulten str\u00e4var efter att sprida ljus i en bransch som utnyttjat jordens resurser p\u00e5 fel s\u00e4tt.<\/p>\n<p>Klimatfr\u00e5gan \u00e4r idag AKUT och vi vill p\u00e5 alla s\u00e4tt vi kan jobba f\u00f6r att kommande generationer f\u00e5r chansen till ett gott liv.<\/p>\n<p>Genom v\u00e5r kunskap och stora kontaktn\u00e4t v\u00e4gleder vi v\u00e5ra kunder p\u00e5 v\u00e4gen till en h\u00e5llbar hantering av emballage!<\/p>\n<ul>\n<li>Uppr\u00e4ttar retursystem med underleverant\u00f6rer f\u00f6r b\u00e5de standardemballage och emballage med specialm\u00e5tt<\/li>\n<li>Tar reda p\u00e5 och \u00e5teranv\u00e4nder emballage som tidigare kasserats<\/li>\n<li>Hj\u00e4lper till att optimera transporter f\u00f6r att minska utsl\u00e4ppen av koldioxid<\/li>\n<\/ul>\n<p>V\u00e5ra kunders verksamheter kan se mycket olika ut men alla har de en sak gemensamt, det finns alltid f\u00f6rb\u00e4ttringar att jobba med f\u00f6r att spara p\u00e5 v\u00e5r milj\u00f6. Vi vet hur.<\/p>\n<p>V\u00e5rt fokus \u00e4r <span style=\"color: #00ff00;\">MILJ\u00d6<\/span>, vi beh\u00f6vs, vi g\u00f6r skillnad\u2026p\u00e5 riktigt!<\/p>\n\n\t\t<\/div>\n\t<\/div>\n<div class=\"vc_empty_space\"   style=\"height: 32px\"><span class=\"vc_empty_space_inner\"><\/span><\/div><\/div><\/div><\/div><div class=\"wpb_column vc_column_container vc_col-sm-3\"><div class=\"vc_column-inner\"><div class=\"wpb_wrapper\">\n\t<div  class=\"wpb_single_image wpb_content_element vc_align_left\">\n\t\t\n\t\t<figure class=\"wpb_wrapper vc_figure\">\n\t\t\t<div class=\"vc_single_image-wrapper   vc_box_border_grey\"><img loading=\"lazy\" decoding=\"async\" width=\"878\" height=\"1024\" src=\"https:\/\/www.pallkonsulten.se\/wp-content\/uploads\/2019\/12\/pallis-och-pallkonsulten-hallbarhet-878x1024.png\" class=\"vc_single_image-img attachment-large\" alt=\"\" title=\"Pallis och Pallkonsulten h\u00e5llbarhet\" srcset=\"https:\/\/www.pallkonsulten.se\/wp-content\/uploads\/2019\/12\/pallis-och-pallkonsulten-hallbarhet-878x1024.png 878w, https:\/\/www.pallkonsulten.se\/wp-content\/uploads\/2019\/12\/pallis-och-pallkonsulten-hallbarhet-257x300.png 257w, https:\/\/www.pallkonsulten.se\/wp-content\/uploads\/2019\/12\/pallis-och-pallkonsulten-hallbarhet-768x896.png 768w, https:\/\/www.pallkonsulten.se\/wp-content\/uploads\/2019\/12\/pallis-och-pallkonsulten-hallbarhet-171x200.png 171w, https:\/\/www.pallkonsulten.se\/wp-content\/uploads\/2019\/12\/pallis-och-pallkonsulten-hallbarhet.png 1200w\" sizes=\"auto, (max-width: 878px) 100vw, 878px\"  data-dt-location=\"https:\/\/www.pallkonsulten.se\/en\/hallbarhet\/attachment\/pallis-och-pallkonsulten-hallbarhet\/\" \/><\/div>\n\t\t<\/figure>\n\t<\/div>\n<\/div><\/div><\/div><div class=\"wpb_column vc_column_container vc_col-sm-3\"><div class=\"vc_column-inner\"><div class=\"wpb_wrapper\">\n\t<div  class=\"wpb_single_image wpb_content_element vc_align_left\">\n\t\t\n\t\t<figure class=\"wpb_wrapper vc_figure\">\n\t\t\t<div class=\"vc_single_image-wrapper   vc_box_border_grey\"><img loading=\"lazy\" decoding=\"async\" width=\"400\" height=\"400\" src=\"https:\/\/www.pallkonsulten.se\/wp-content\/uploads\/2019\/11\/hallbarhet-pallbranschen-pallkonsulten.png\" class=\"vc_single_image-img attachment-large\" alt=\"\" title=\"hallbarhet-pallbranschen-pallkonsulten\" srcset=\"https:\/\/www.pallkonsulten.se\/wp-content\/uploads\/2019\/11\/hallbarhet-pallbranschen-pallkonsulten.png 400w, https:\/\/www.pallkonsulten.se\/wp-content\/uploads\/2019\/11\/hallbarhet-pallbranschen-pallkonsulten-150x150.png 150w, https:\/\/www.pallkonsulten.se\/wp-content\/uploads\/2019\/11\/hallbarhet-pallbranschen-pallkonsulten-300x300.png 300w, https:\/\/www.pallkonsulten.se\/wp-content\/uploads\/2019\/11\/hallbarhet-pallbranschen-pallkonsulten-200x200.png 200w\" sizes=\"auto, (max-width: 400px) 100vw, 400px\"  data-dt-location=\"https:\/\/www.pallkonsulten.se\/en\/hallbarhet\/attachment\/hallbarhet-pallbranschen-pallkonsulten\/\" \/><\/div>\n\t\t<\/figure>\n\t<\/div>\n<\/div><\/div><\/div><\/div><div class=\"vc_row wpb_row vc_row-fluid\"><div class=\"wpb_column vc_column_container vc_col-sm-6\"><div class=\"vc_column-inner\"><div class=\"wpb_wrapper\">\n\t<div class=\"wpb_text_column wpb_content_element\" >\n\t\t<div class=\"wpb_wrapper\">\n\t\t\t<h3>Social h\u00e5llbarhet<\/h3>\n<p>De som arbetar hos oss p\u00e5 Pallkonsulten vet att man \u00e4r anst\u00e4lld f\u00f6r sin kompetens, ingenting annat.<\/p>\n<p>Viktigast f\u00f6r oss \u00e4r en hj\u00e4rtlig atmosf\u00e4r d\u00e4r vi v\u00e4lkomnar variation av olika egenskaper och erfarenheter. Ett bra klimat och en \u00f6ppenhet \u00e4r A &amp; O f\u00f6r oss s\u00e5 att vi har m\u00f6jlighet att tillgodose allas behov s\u00e5 l\u00e5ngt som det bara g\u00e5r.<\/p>\n<p>Samma k\u00e4nsla str\u00e4var vi efter att ta med oss ut i m\u00f6tet med v\u00e5ra kunder och p\u00e5 s\u00e5 s\u00e4tt g\u00f6r vi en viktig insats i samh\u00e4llet.<\/p>\n<p>Vi gillar <span style=\"color: #ff0000;\">O<\/span><span style=\"color: #00ff00;\">L<\/span><span style=\"color: #0000ff;\">I<\/span><span style=\"color: #ff6600;\">K<\/span>A<span style=\"color: #808080;\">!<\/span><\/p>\n\n\t\t<\/div>\n\t<\/div>\n<div class=\"vc_empty_space\"   style=\"height: 32px\"><span class=\"vc_empty_space_inner\"><\/span><\/div><\/div><\/div><\/div><div class=\"wpb_column vc_column_container vc_col-sm-6\"><div class=\"vc_column-inner\"><div class=\"wpb_wrapper\">\n\t<div class=\"wpb_text_column wpb_content_element\" >\n\t\t<div class=\"wpb_wrapper\">\n\t\t\t<h3>Ekonomisk h\u00e5llbarhet<\/h3>\n<p>Pallkonsultens m\u00e5l \u00e4r att alltid skapa goda relationer med v\u00e5ra kunder som ger l\u00e5ngsiktigt sunda aff\u00e4rer. Hela v\u00e5r id\u00e9 g\u00e5r ut p\u00e5 att hand i hand med v\u00e5rt aktiva milj\u00f6arbete samtidigt st\u00e4rka kundernas ekonomi, \u00e5tervinner man s\u00e5 sparar man samtidigt, det \u00e4r enkelt. V\u00e5r egen ekonomi st\u00e4rks i takt med kundernas d\u00e5 hanteringen av returer \u00f6kar.<\/p>\n<p>Att hela tiden aktivt hj\u00e4lpa kunderna att hitta de mest gynnsamma samarbetena n\u00e4r det g\u00e4ller ink\u00f6p och f\u00f6rs\u00e4ljning av emballage \u00e4r ocks\u00e5 en stor del i den ekonomiska h\u00e5llbarheten. D\u00e4r skiljer vi oss helt fr\u00e5n traditionella pallhandlare som tj\u00e4nar p\u00e5 att k\u00f6pa billigt och s\u00e4lja dyrt.<\/p>\n<p>Varf\u00f6r betala mer \u00e4n man m\u00e5ste?<\/p>\n\n\t\t<\/div>\n\t<\/div>\n<div class=\"vc_empty_space\"   style=\"height: 32px\"><span class=\"vc_empty_space_inner\"><\/span><\/div><\/div><\/div><\/div><\/div>\n<\/div>","protected":false},"excerpt":{"rendered":"<p>F\u00f6r att bidra till en h\u00e5llbar utveckling ska lastpallar och pallkragar inte k\u00f6pas och s\u00e4ljas, de ska \u00e5teranv\u00e4ndas&#8230; p\u00e5 riktigt! Ekologisk h\u00e5llbarhet Pallkonsulten str\u00e4var efter att sprida ljus i en bransch som utnyttjat jordens resurser p\u00e5 fel s\u00e4tt. Klimatfr\u00e5gan \u00e4r idag AKUT och vi vill p\u00e5 alla s\u00e4tt vi kan jobba f\u00f6r att kommande generationer&hellip;<\/p>","protected":false},"author":2,"featured_media":0,"parent":0,"menu_order":0,"comment_status":"closed","ping_status":"closed","template":"","meta":{"_acf_changed":false,"footnotes":""},"categories":[],"tags":[],"class_list":["post-192","page","type-page","status-publish","hentry","description-off"],"acf":[],"_links":{"self":[{"href":"https:\/\/www.pallkonsulten.se\/en\/wp-json\/wp\/v2\/pages\/192","targetHints":{"allow":["GET"]}}],"collection":[{"href":"https:\/\/www.pallkonsulten.se\/en\/wp-json\/wp\/v2\/pages"}],"about":[{"href":"https:\/\/www.pallkonsulten.se\/en\/wp-json\/wp\/v2\/types\/page"}],"author":[{"embeddable":true,"href":"https:\/\/www.pallkonsulten.se\/en\/wp-json\/wp\/v2\/users\/2"}],"replies":[{"embeddable":true,"href":"https:\/\/www.pallkonsulten.se\/en\/wp-json\/wp\/v2\/comments?post=192"}],"version-history":[{"count":0,"href":"https:\/\/www.pallkonsulten.se\/en\/wp-json\/wp\/v2\/pages\/192\/revisions"}],"wp:attachment":[{"href":"https:\/\/www.pallkonsulten.se\/en\/wp-json\/wp\/v2\/media?parent=192"}],"wp:term":[{"taxonomy":"category","embeddable":true,"href":"https:\/\/www.pallkonsulten.se\/en\/wp-json\/wp\/v2\/categories?post=192"},{"taxonomy":"post_tag","embeddable":true,"href":"https:\/\/www.pallkonsulten.se\/en\/wp-json\/wp\/v2\/tags?post=192"}],"curies":[{"name":"wp","href":"https:\/\/api.w.org\/{rel}","templated":true}]}}