{"id":190,"date":"2019-12-01T00:00:56","date_gmt":"2019-11-30T23:00:56","guid":{"rendered":"http:\/\/www.pkisab.se\/?page_id=190"},"modified":"2019-12-18T23:13:59","modified_gmt":"2019-12-18T22:13:59","slug":"whitepapers","status":"publish","type":"page","link":"https:\/\/www.pallkonsulten.se\/en\/whitepapers\/","title":{"rendered":"Whitepapers"},"content":{"rendered":"<div class=\"wpb-content-wrapper\"><div class=\"vc_row wpb_row vc_row-fluid\"><div class=\"wpb_column vc_column_container vc_col-sm-6\"><div class=\"vc_column-inner\"><div class=\"wpb_wrapper\">\n\t<div class=\"wpb_text_column wpb_content_element \" >\n\t\t<div class=\"wpb_wrapper\">\n\t\t\t<h2>Hur kan Pallkonsulten hj\u00e4lpa er med emballage?<\/h2>\n<p>V\u00e5rat informationsblad beskriver n\u00e4rmare om hur v\u00e5r roll skiljer sig mot en traditionell pallhandlare och hur det bidrar till \u00f6kad l\u00f6nsamhet f\u00f6r din verksamhet.<\/p>\n\n\t\t<\/div>\n\t<\/div>\n<\/div><\/div><\/div><div class=\"wpb_column vc_column_container vc_col-sm-3\"><div class=\"vc_column-inner\"><div class=\"wpb_wrapper\">\n\t<div class=\"wpb_text_column wpb_content_element \" >\n\t\t<div class=\"wpb_wrapper\">\n\t\t\t<p>Fyll i dina uppgifter s\u00e5 skickar vi bladet till angiven e-post.<\/p>\n\n\t\t<\/div>\n\t<\/div>\n\n\t<div class=\"wpb_text_column wpb_content_element \" >\n\t\t<div class=\"wpb_wrapper\">\n\t\t\t\t\t\t\t<div class=\"email_download_link\">\r\n\t\t\t\t\t\t<form action=\"#\" method=\"post\" class=\"ed_form\" id=\"ed_form_1778072160\">\r\n\t\t\t\t<p><span class=\"name\">Name *<\/span><br><input type=\"text\" name=\"name\" id=\"name\" placeholder=\"Name\" value=\"\" maxlength=\"50\" required\/><\/p>\t\t\t\t<p><span class=\"email\">Email *<\/span><br><input class=\"\" type=\"email\" id=\"email\" name=\"email\" value=\"\" placeholder=\"Email *\"  maxlength=\"225\" required\/><\/p>\t\t\t\t\t\t\t\t\t\t\t\t\t\t\t\t\t\t\t\t<br \/>\r\n\t\t\t\t<input name=\"submit\" class=\"submit\" id=\"ed_form_submit_1778072160\" value=\"Send Download Link\" type=\"submit\" \/>\r\n\t\t\t\t<span class=\"ed_form_spinner\" id=\"loading-image\" style=\"display:none;\">\r\n\t\t\t\t\t<img decoding=\"async\" src=\"https:\/\/www.pallkonsulten.se\/wp-content\/plugins\/email-download-link\/images\/ajax-loader.gif\" \/>\r\n\t\t\t\t<\/span>\r\n\t\t\t\t<input name=\"guid\" id=\"guid\" value=\"fejmqh-gdvtrz-cpoxrw-hzmids-vmgjat\" type=\"hidden\"\/>\r\n\t\t\t\t<input type=\"text\" style=\"display:none;\" id=\"email_name\" name=\"email_name\" value=\"\" type=\"hidden\"\/>\r\n\t\t\t\t<input name=\"form_nonce\" id=\"form_nonce\" value=\"26844e4c1b\" type=\"hidden\"\/>\r\n\t\t\t\t<input name=\"name_mand\" id=\"name_mand\" value=\"YES\" type=\"hidden\"\/>\r\n\t\t\t\t<input name=\"gdpr_mand\" id=\"gdpr_mand\" value=\"NO\" type=\"hidden\"\/>\r\n\t\t\t\t<input name=\"phone_mand\" id=\"phone_mand\" value=\"\" type=\"hidden\"\/>\r\n\t\t\t<\/form>\t\r\n\t\t\t<span class=\"ed_form_message\" id=\"ed_form_message_1778072160\"><\/span>\r\n\t\t<\/div>\r\n\t\n\n\t\t<\/div>\n\t<\/div>\n<\/div><\/div><\/div><div class=\"wpb_column vc_column_container vc_col-sm-3\"><div class=\"vc_column-inner\"><div class=\"wpb_wrapper\">\n\t<div class=\"wpb_text_column wpb_content_element \" >\n\t\t<div class=\"wpb_wrapper\">\n\t\t\t<p>[goal id=&#8221;224&#8243;]<\/p>\n\n\t\t<\/div>\n\t<\/div>\n<\/div><\/div><\/div><\/div>\n<\/div>","protected":false},"excerpt":{"rendered":"<p>Hur kan Pallkonsulten hj\u00e4lpa er med emballage? V\u00e5rat informationsblad beskriver n\u00e4rmare om hur v\u00e5r roll skiljer sig mot en traditionell pallhandlare och hur det bidrar till \u00f6kad l\u00f6nsamhet f\u00f6r din verksamhet. Fyll i dina uppgifter s\u00e5 skickar vi bladet till angiven e-post. Name * Email * [goal id=&#8221;224&#8243;]<\/p>\n","protected":false},"author":2,"featured_media":0,"parent":0,"menu_order":0,"comment_status":"closed","ping_status":"closed","template":"","meta":{"_acf_changed":false,"footnotes":""},"categories":[],"tags":[],"class_list":["post-190","page","type-page","status-publish","hentry","description-off"],"acf":[],"_links":{"self":[{"href":"https:\/\/www.pallkonsulten.se\/en\/wp-json\/wp\/v2\/pages\/190","targetHints":{"allow":["GET"]}}],"collection":[{"href":"https:\/\/www.pallkonsulten.se\/en\/wp-json\/wp\/v2\/pages"}],"about":[{"href":"https:\/\/www.pallkonsulten.se\/en\/wp-json\/wp\/v2\/types\/page"}],"author":[{"embeddable":true,"href":"https:\/\/www.pallkonsulten.se\/en\/wp-json\/wp\/v2\/users\/2"}],"replies":[{"embeddable":true,"href":"https:\/\/www.pallkonsulten.se\/en\/wp-json\/wp\/v2\/comments?post=190"}],"version-history":[{"count":0,"href":"https:\/\/www.pallkonsulten.se\/en\/wp-json\/wp\/v2\/pages\/190\/revisions"}],"wp:attachment":[{"href":"https:\/\/www.pallkonsulten.se\/en\/wp-json\/wp\/v2\/media?parent=190"}],"wp:term":[{"taxonomy":"category","embeddable":true,"href":"https:\/\/www.pallkonsulten.se\/en\/wp-json\/wp\/v2\/categories?post=190"},{"taxonomy":"post_tag","embeddable":true,"href":"https:\/\/www.pallkonsulten.se\/en\/wp-json\/wp\/v2\/tags?post=190"}],"curies":[{"name":"wp","href":"https:\/\/api.w.org\/{rel}","templated":true}]}}