{"id":147,"date":"2019-12-01T00:00:37","date_gmt":"2019-11-30T23:00:37","guid":{"rendered":"http:\/\/pkisab.se\/?page_id=147"},"modified":"2022-10-02T21:56:19","modified_gmt":"2022-10-02T19:56:19","slug":"om-oss","status":"publish","type":"page","link":"https:\/\/www.pallkonsulten.se\/en\/om-oss\/","title":{"rendered":"Om oss"},"content":{"rendered":"<div class=\"wpb-content-wrapper\"><div class=\"vc_row wpb_row vc_row-fluid\"><div class=\"wpb_column vc_column_container vc_col-sm-12\"><div class=\"vc_column-inner\"><div class=\"wpb_wrapper\">\n\t<div class=\"wpb_text_column wpb_content_element\" >\n\t\t<div class=\"wpb_wrapper\">\n\t\t\t<h2>Vi \u00e4r pionj\u00e4rer inom pallbranschen med fokus p\u00e5 kund och milj\u00f6&#8230; p\u00e5 riktigt!<\/h2>\n\n\t\t<\/div>\n\t<\/div>\n<\/div><\/div><\/div><\/div><div class=\"vc_row wpb_row vc_row-fluid\"><div class=\"wpb_column vc_column_container vc_col-sm-12\"><div class=\"vc_column-inner\"><div class=\"wpb_wrapper\">\n\t<div class=\"wpb_text_column wpb_content_element\" >\n\t\t<div class=\"wpb_wrapper\">\n\t\t\t<blockquote><p>\nV\u00e5r innovativa cirkul\u00e4ra aff\u00e4rsmodell g\u00f6r oss helt unika i branschen. Vi ska inte f\u00f6rv\u00e4xlas med en traditionell pallhandlare som k\u00f6per och s\u00e4ljer lastpallar och emballage, d\u00e4rf\u00f6r att det varken \u00e4r l\u00f6nsamt f\u00f6r dig som kund eller bra f\u00f6r v\u00e5r milj\u00f6.\n<\/p><\/blockquote>\n\n\t\t<\/div>\n\t<\/div>\n<\/div><\/div><\/div><\/div><div class=\"vc_row wpb_row vc_row-fluid\"><div class=\"wpb_column vc_column_container vc_col-sm-6\"><div class=\"vc_column-inner\"><div class=\"wpb_wrapper\">\n\t<div class=\"wpb_text_column wpb_content_element\" >\n\t\t<div class=\"wpb_wrapper\">\n\t\t\t<h4>Unik specialist i branschen<\/h4>\n<p>Pallkonsulten \u00e4r specialister p\u00e5 fl\u00f6desoptimering och hantering av lastb\u00e4rare, pallar och specialemballage och vi drivs av partnerskap med fokus p\u00e5 ekologisk och ekonomisk h\u00e5llbarhet. Med andra ord hj\u00e4lper vi ert f\u00f6retag att minska sin milj\u00f6p\u00e5verkan samtidigt som ni f\u00e5r betalt f\u00f6r det.<\/p>\n\n\t\t<\/div>\n\t<\/div>\n\n\t<div class=\"wpb_text_column wpb_content_element\" >\n\t\t<div class=\"wpb_wrapper\">\n\t\t\t<p><strong>Ambition<\/strong><\/p>\n<p>V\u00e5r ambition \u00e4r att Pallkonsulten ska vara det sj\u00e4lvklara valet av partner n\u00e4r f\u00f6retag s\u00f6ker h\u00e5llbara l\u00f6sningar f\u00f6r hantering av lastb\u00e4rare och specialemballage.<\/p>\n\n\t\t<\/div>\n\t<\/div>\n\n\t<div class=\"wpb_text_column wpb_content_element\" >\n\t\t<div class=\"wpb_wrapper\">\n\t\t\t<p><strong>Vision<\/strong><\/p>\n<p>Pallkonsulten har en vision om ett globalt retursystem f\u00f6r lastb\u00e4rare och specialemballage d\u00e4r vi tillsammans bidrar till ett h\u00e5llbart ekologiskt system.<\/p>\n\n\t\t<\/div>\n\t<\/div>\n<div class=\"vc_empty_space\"   style=\"height: 32px\"><span class=\"vc_empty_space_inner\"><\/span><\/div><div class=\"smile-icon-timeline-wrap csstime   tl-animation-slide-out\"  data-time_sep_bg_color=\"&quot;#80c344&quot;\"   style=\"\"><div class=\"timeline-line\" style=\"border-right-color:#074266;\"><span><\/span><\/div><div class=\"timeline-wrapper\"><\/div>\n\t\t\t\t<div id=\"timeline-seperator-5147\" class=\"timeline-separator-text\" data-sep-col=\"\" data-sep-bg-col=\"\"><span class=\"sep-text ult-responsive\"  data-ultimate-target='#timeline-seperator-5147 .sep-text'  data-responsive-json-new='{\"font-size\":\"\",\"line-height\":\"\"}'  style=\"border-width:1px;border-radius:5px;\">2016<\/span><\/div><div class=\"timeline-wrapper\"><\/div><div class=\"timeline-feature-item feat-item\"><div class=\"feat-dot\"><div class=\"timeline-dot\"><\/div><\/div><div class=\"ult-timeline-arrow\"><s><\/s><l><\/l><\/div><div class=\"timeline-icon-block\"><div class=\"ult-timeline-icon tl-icon-no-bg\" style=\"   \"><\/div> <!-- icon --><\/div><div class=\"timeline-header-block\" >\n\t\t\t\t\t\t\t<div class=\"timeline-header\" id=\"timeline-featured-5615\"  style=\"\"><h3\n\t\t\t class=\"ult-timeline-title ult-responsive\"   data-ultimate-target='#timeline-featured-5615 .ult-timeline-title'  data-responsive-json-new='{\"font-size\":\"\",\"line-height\":\"\"}'  style=\"\">Pallkonsulten historia<\/h3><div class=\"ult-responsive custom-lht\"  data-ultimate-target='#timeline-featured-5615 .custom-lht'  data-responsive-json-new='{\"font-size\":\"\",\"line-height\":\"\"}'  style=\"\">Pallkonsulten \u00e4r dotterbolag till YH Entreprenad, d\u00e4r visionen om att g\u00f6ra en stor f\u00f6r\u00e4ndring i emballagebranschen f\u00f6ddes. Under YH Entreprenads f\u00f6rsta tid lades grunden f\u00f6r det som sen skulle bli Pallkonsulten. Grundaren av b\u00e5da bolagen, Yaniv Hallm\u00e9n har l\u00e5ng erfarenhet inom pallbranschen och under sina \u00e5r som anst\u00e4lld hos en pallhandlare s\u00e5g han hur mycket som kasserades och hur kunder f\u00f6rlorade v\u00e4ldigt mycket ekonomiskt d\u00e5 en pallhandlares melodi \u00e4r \u201dk\u00f6pa billigt, s\u00e4lja dyrt\u201d. Han ville g\u00f6ra en f\u00f6r\u00e4ndring som g\u00f6r det mer r\u00e4ttvist f\u00f6r kunden och milj\u00f6n.<\/div><\/div> <!-- header --><\/div><\/div><div class=\"timeline-wrapper\"><\/div>\n\t\t\t\t<div id=\"timeline-seperator-6701\" class=\"timeline-separator-text\" data-sep-col=\"\" data-sep-bg-col=\"\"><span class=\"sep-text ult-responsive\"  data-ultimate-target='#timeline-seperator-6701 .sep-text'  data-responsive-json-new='{\"font-size\":\"\",\"line-height\":\"\"}'  style=\"border-width:1px;border-radius:5px;\">2014<\/span><\/div><div class=\"timeline-wrapper\"><div class=\"timeline-block\"><div class=\"timeline-dot\"><\/div><div class=\"ult-timeline-arrow\"><s><\/s><l><\/l><\/div><div class=\"timeline-icon-block\"><div class=\"ult-timeline-icon tl-icon-no-bg\" style=\"   \"><\/div> <!-- icon --><\/div><div class=\"timeline-header-block\" >\n\t\t\t\t\t\t\t<div id=\"timeline-item-4154\" class=\"timeline-header\" style=\"\"><h3 class=\"ult-timeline-title ult-responsive\"  data-ultimate-target='#timeline-item-4154 .ult-timeline-title'  data-responsive-json-new='{\"font-size\":\"\",\"line-height\":\"\"}'  style=\"\">YH Entreprenad bildas<\/h3><div class=\"ult-responsive timeline-item-spt\"  data-ultimate-target='#timeline-item-4154 .timeline-item-spt'  data-responsive-json-new='{\"font-size\":\"\",\"line-height\":\"\"}'  style=\"\">YH Entreprenad startas upp.<br \/>\nURS f\u00f6ds, stora besparingar blir m\u00f6jliga f\u00f6r kunderna.<\/div><\/div> <!-- header --><\/div><\/div><div class=\"timeline-block\"><div class=\"timeline-dot\"><\/div><div class=\"ult-timeline-arrow\"><s><\/s><l><\/l><\/div><div class=\"timeline-icon-block\"><div class=\"ult-timeline-icon tl-icon-no-bg\" style=\"   \"><\/div> <!-- icon --><\/div><div class=\"timeline-header-block\" >\n\t\t\t\t\t\t\t<div id=\"timeline-item-9955\" class=\"timeline-header\" style=\"\"><h3 class=\"ult-timeline-title ult-responsive\"  data-ultimate-target='#timeline-item-9955 .ult-timeline-title'  data-responsive-json-new='{\"font-size\":\"\",\"line-height\":\"\"}'  style=\"\">YH Entreprenad blir AB<\/h3><div class=\"ult-responsive timeline-item-spt\"  data-ultimate-target='#timeline-item-9955 .timeline-item-spt'  data-responsive-json-new='{\"font-size\":\"\",\"line-height\":\"\"}'  style=\"\">YH Entreprenad ombildas fr\u00e5n enskild firma till aktiebolag i oktober m\u00e5nad.<\/div><\/div> <!-- header --><\/div><\/div><\/div>\n\t\t\t\t<div id=\"timeline-seperator-3706\" class=\"timeline-separator-text\" data-sep-col=\"\" data-sep-bg-col=\"\"><span class=\"sep-text ult-responsive\"  data-ultimate-target='#timeline-seperator-3706 .sep-text'  data-responsive-json-new='{\"font-size\":\"\",\"line-height\":\"\"}'  style=\"border-width:1px;border-radius:5px;\">2015<\/span><\/div><div class=\"timeline-wrapper\"><div class=\"timeline-block\"><div class=\"timeline-dot\"><\/div><div class=\"ult-timeline-arrow\"><s><\/s><l><\/l><\/div><div class=\"timeline-icon-block\"><div class=\"ult-timeline-icon tl-icon-no-bg\" style=\"   \"><\/div> <!-- icon --><\/div><div class=\"timeline-header-block\" >\n\t\t\t\t\t\t\t<div id=\"timeline-item-1592\" class=\"timeline-header\" style=\"\"><h3 class=\"ult-timeline-title ult-responsive\"  data-ultimate-target='#timeline-item-1592 .ult-timeline-title'  data-responsive-json-new='{\"font-size\":\"\",\"line-height\":\"\"}'  style=\"\">YH bidrar till stora besparingar<\/h3><div class=\"ult-responsive timeline-item-spt\"  data-ultimate-target='#timeline-item-1592 .timeline-item-spt'  data-responsive-json-new='{\"font-size\":\"\",\"line-height\":\"\"}'  style=\"\">YH Entreprenad jobbar p\u00e5 plats ute hos kund, \u00e4nnu bara en man, g\u00f6r redan h\u00e4r stora besparingar f\u00f6r kunderna.<\/div><\/div> <!-- header --><\/div><\/div><\/div>\n\t\t\t\t<div id=\"timeline-seperator-7822\" class=\"timeline-separator-text\" data-sep-col=\"\" data-sep-bg-col=\"\"><span class=\"sep-text ult-responsive\"  data-ultimate-target='#timeline-seperator-7822 .sep-text'  data-responsive-json-new='{\"font-size\":\"\",\"line-height\":\"\"}'  style=\"border-width:1px;border-radius:5px;\">2016<\/span><\/div><div class=\"timeline-wrapper\"><div class=\"timeline-block\"><div class=\"timeline-dot\"><\/div><div class=\"ult-timeline-arrow\"><s><\/s><l><\/l><\/div><div class=\"timeline-icon-block\"><div class=\"ult-timeline-icon tl-icon-no-bg\" style=\"   \"><\/div> <!-- icon --><\/div><div class=\"timeline-header-block\" >\n\t\t\t\t\t\t\t<div id=\"timeline-item-3228\" class=\"timeline-header\" style=\"\"><h3 class=\"ult-timeline-title ult-responsive\"  data-ultimate-target='#timeline-item-3228 .ult-timeline-title'  data-responsive-json-new='{\"font-size\":\"\",\"line-height\":\"\"}'  style=\"\">Pallkonsulten bildas och personal anst\u00e4lls<\/h3><div class=\"ult-responsive timeline-item-spt\"  data-ultimate-target='#timeline-item-3228 .timeline-item-spt'  data-responsive-json-new='{\"font-size\":\"\",\"line-height\":\"\"}'  style=\"\">YH Entreprenad f\u00e5r sin f\u00f6rsta anst\u00e4llda och Pallkonsulten startas upp. Nu b\u00f6rjar modellen av ett full\u00e4ndat s\u00e4tt att hantera emballage v\u00e4xa fram.<\/div><\/div> <!-- header --><\/div><\/div><\/div>\n\t\t\t\t<div id=\"timeline-seperator-5976\" class=\"timeline-separator-text\" data-sep-col=\"\" data-sep-bg-col=\"\"><span class=\"sep-text ult-responsive\"  data-ultimate-target='#timeline-seperator-5976 .sep-text'  data-responsive-json-new='{\"font-size\":\"\",\"line-height\":\"\"}'  style=\"border-width:1px;border-radius:5px;\">2017<\/span><\/div><div class=\"timeline-wrapper\"><div class=\"timeline-block\"><div class=\"timeline-dot\"><\/div><div class=\"ult-timeline-arrow\"><s><\/s><l><\/l><\/div><div class=\"timeline-icon-block\"><div class=\"ult-timeline-icon tl-icon-no-bg\" style=\"   \"><\/div> <!-- icon --><\/div><div class=\"timeline-header-block\" >\n\t\t\t\t\t\t\t<div id=\"timeline-item-5449\" class=\"timeline-header\" style=\"\"><h3 class=\"ult-timeline-title ult-responsive\"  data-ultimate-target='#timeline-item-5449 .ult-timeline-title'  data-responsive-json-new='{\"font-size\":\"\",\"line-height\":\"\"}'  style=\"\">Pallkonsulten och YH skaffar egna lokaler<\/h3><div class=\"ult-responsive timeline-item-spt\"  data-ultimate-target='#timeline-item-5449 .timeline-item-spt'  data-responsive-json-new='{\"font-size\":\"\",\"line-height\":\"\"}'  style=\"\">Pallkonsulten och YH Entreprenad skaffar egna lokaler men blir fort tr\u00e5ngbott&#8230;<\/div><\/div> <!-- header --><\/div><\/div><\/div>\n\t\t\t\t<div id=\"timeline-seperator-6823\" class=\"timeline-separator-text\" data-sep-col=\"\" data-sep-bg-col=\"\"><span class=\"sep-text ult-responsive\"  data-ultimate-target='#timeline-seperator-6823 .sep-text'  data-responsive-json-new='{\"font-size\":\"\",\"line-height\":\"\"}'  style=\"border-width:1px;border-radius:5px;\">2018<\/span><\/div><div class=\"timeline-wrapper\"><div class=\"timeline-block\"><div class=\"timeline-dot\"><\/div><div class=\"ult-timeline-arrow\"><s><\/s><l><\/l><\/div><div class=\"timeline-icon-block\"><div class=\"ult-timeline-icon tl-icon-no-bg\" style=\"   \"><\/div> <!-- icon --><\/div><div class=\"timeline-header-block\" >\n\t\t\t\t\t\t\t<div id=\"timeline-item-7059\" class=\"timeline-header\" style=\"\"><h3 class=\"ult-timeline-title ult-responsive\"  data-ultimate-target='#timeline-item-7059 .ult-timeline-title'  data-responsive-json-new='{\"font-size\":\"\",\"line-height\":\"\"}'  style=\"\">Pallkonsulten och YH flyttar till st\u00f6rre lokaler<\/h3><div class=\"ult-responsive timeline-item-spt\"  data-ultimate-target='#timeline-item-7059 .timeline-item-spt'  data-responsive-json-new='{\"font-size\":\"\",\"line-height\":\"\"}'  style=\"\">YH Entreprenad flyttar till nya, st\u00f6rre lokaler och dr\u00f6mmen att kunna hj\u00e4lpa fler f\u00f6retag att spara resurser blir nu verklighet!<\/div><\/div> <!-- header --><\/div><\/div><\/div>\n\t\t\t\t<div id=\"timeline-seperator-6556\" class=\"timeline-separator-text\" data-sep-col=\"\" data-sep-bg-col=\"\"><span class=\"sep-text ult-responsive\"  data-ultimate-target='#timeline-seperator-6556 .sep-text'  data-responsive-json-new='{\"font-size\":\"\",\"line-height\":\"\"}'  style=\"border-width:1px;border-radius:5px;\">2019<\/span><\/div><div class=\"timeline-wrapper\"><div class=\"timeline-block\"><div class=\"timeline-dot\"><\/div><div class=\"ult-timeline-arrow\"><s><\/s><l><\/l><\/div><div class=\"timeline-icon-block\"><div class=\"ult-timeline-icon tl-icon-no-bg\" style=\"   \"><\/div> <!-- icon --><\/div><div class=\"timeline-header-block\" >\n\t\t\t\t\t\t\t<div id=\"timeline-item-1809\" class=\"timeline-header\" style=\"\"><h3 class=\"ult-timeline-title ult-responsive\"  data-ultimate-target='#timeline-item-1809 .ult-timeline-title'  data-responsive-json-new='{\"font-size\":\"\",\"line-height\":\"\"}'  style=\"\">Pallkonsulten expanderar<\/h3><div class=\"ult-responsive timeline-item-spt\"  data-ultimate-target='#timeline-item-1809 .timeline-item-spt'  data-responsive-json-new='{\"font-size\":\"\",\"line-height\":\"\"}'  style=\"\">Kundkretsen forts\u00e4tter att \u00f6ka och Pallkonsulten forts\u00e4tter utveckla retursystem och sparar kunder m\u00e5ngmiljonbelopp \u00e5rligen!<\/div><\/div> <!-- header --><\/div><\/div><\/div><\/div><div class=\"vc_empty_space\"   style=\"height: 32px\"><span class=\"vc_empty_space_inner\"><\/span><\/div><\/div><\/div><\/div><div class=\"wpb_column vc_column_container vc_col-sm-6\"><div class=\"vc_column-inner\"><div class=\"wpb_wrapper\"><div class=\"twentytwenty-container\" data-orientation=\"vertical\" data-offset=\"0.5\" data-navigation=\"move\"><img loading=\"lazy\" decoding=\"async\" class=\"preload-me\" src=\"https:\/\/www.pallkonsulten.se\/wp-content\/uploads\/2019\/11\/pallhandlare.jpg\" width=\"800\" height=\"800\"  title=\"Pallhandel\" alt=\"\"><img loading=\"lazy\" decoding=\"async\" class=\"preload-me\" src=\"https:\/\/www.pallkonsulten.se\/wp-content\/uploads\/2019\/11\/pallkonsulten-utokat-retursystem-lastbarare-emballage.jpg\" width=\"800\" height=\"800\"  title=\"Pallkonsulten\" alt=\"\"><\/div><div class=\"vc_empty_space\"   style=\"height: 32px\"><span class=\"vc_empty_space_inner\"><\/span><\/div><\/div><\/div><\/div><\/div>\n<\/div>","protected":false},"excerpt":{"rendered":"<p>Vi \u00e4r pionj\u00e4rer inom pallbranschen med fokus p\u00e5 kund och milj\u00f6&#8230; p\u00e5 riktigt! V\u00e5r innovativa cirkul\u00e4ra aff\u00e4rsmodell g\u00f6r oss helt unika i branschen. Vi ska inte f\u00f6rv\u00e4xlas med en traditionell pallhandlare som k\u00f6per och s\u00e4ljer lastpallar och emballage, d\u00e4rf\u00f6r att det varken \u00e4r l\u00f6nsamt f\u00f6r dig som kund eller bra f\u00f6r v\u00e5r milj\u00f6. Unik specialist&hellip;<\/p>","protected":false},"author":2,"featured_media":0,"parent":0,"menu_order":0,"comment_status":"closed","ping_status":"closed","template":"","meta":{"_acf_changed":false,"footnotes":""},"categories":[],"tags":[],"class_list":["post-147","page","type-page","status-publish","hentry","description-off"],"acf":[],"_links":{"self":[{"href":"https:\/\/www.pallkonsulten.se\/en\/wp-json\/wp\/v2\/pages\/147","targetHints":{"allow":["GET"]}}],"collection":[{"href":"https:\/\/www.pallkonsulten.se\/en\/wp-json\/wp\/v2\/pages"}],"about":[{"href":"https:\/\/www.pallkonsulten.se\/en\/wp-json\/wp\/v2\/types\/page"}],"author":[{"embeddable":true,"href":"https:\/\/www.pallkonsulten.se\/en\/wp-json\/wp\/v2\/users\/2"}],"replies":[{"embeddable":true,"href":"https:\/\/www.pallkonsulten.se\/en\/wp-json\/wp\/v2\/comments?post=147"}],"version-history":[{"count":1,"href":"https:\/\/www.pallkonsulten.se\/en\/wp-json\/wp\/v2\/pages\/147\/revisions"}],"predecessor-version":[{"id":1329,"href":"https:\/\/www.pallkonsulten.se\/en\/wp-json\/wp\/v2\/pages\/147\/revisions\/1329"}],"wp:attachment":[{"href":"https:\/\/www.pallkonsulten.se\/en\/wp-json\/wp\/v2\/media?parent=147"}],"wp:term":[{"taxonomy":"category","embeddable":true,"href":"https:\/\/www.pallkonsulten.se\/en\/wp-json\/wp\/v2\/categories?post=147"},{"taxonomy":"post_tag","embeddable":true,"href":"https:\/\/www.pallkonsulten.se\/en\/wp-json\/wp\/v2\/tags?post=147"}],"curies":[{"name":"wp","href":"https:\/\/api.w.org\/{rel}","templated":true}]}}