{"id":1047,"date":"2019-12-01T00:00:08","date_gmt":"2019-11-30T23:00:08","guid":{"rendered":"https:\/\/www.pallkonsulten.se\/?page_id=1047"},"modified":"2019-12-18T23:58:49","modified_gmt":"2019-12-18T22:58:49","slug":"halvpall-stark","status":"publish","type":"page","link":"https:\/\/www.pallkonsulten.se\/en\/lastbarare-emballage\/halvpall-stark\/","title":{"rendered":"Halvpall Stark"},"content":{"rendered":"<div class=\"wpb-content-wrapper\"><div class=\"vc_row wpb_row vc_row-fluid\"><div class=\"wpb_column vc_column_container vc_col-sm-8\"><div class=\"vc_column-inner\"><div class=\"wpb_wrapper\">\n\t<div  class=\"wpb_single_image wpb_content_element vc_align_left\">\n\t\t\n\t\t<figure class=\"wpb_wrapper vc_figure\">\n\t\t\t<a href=\"https:\/\/www.pallkonsulten.se\/wp-content\/uploads\/2019\/11\/stark-halvpall.jpg\" target=\"_self\" data-large_image_width=\"800\" data-large_image_height=\"600\"  class=\"vc_single_image-wrapper   vc_box_border_grey dt-pswp-item rollover rollover-zoom\"   ><img loading=\"lazy\" decoding=\"async\" width=\"800\" height=\"600\" src=\"https:\/\/www.pallkonsulten.se\/wp-content\/uploads\/2019\/11\/stark-halvpall.jpg\" class=\"vc_single_image-img attachment-full\" alt=\"Stark halvpall\" title=\"Stark halvpall\" srcset=\"https:\/\/www.pallkonsulten.se\/wp-content\/uploads\/2019\/11\/stark-halvpall.jpg 800w, https:\/\/www.pallkonsulten.se\/wp-content\/uploads\/2019\/11\/stark-halvpall-300x225.jpg 300w, https:\/\/www.pallkonsulten.se\/wp-content\/uploads\/2019\/11\/stark-halvpall-768x576.jpg 768w, https:\/\/www.pallkonsulten.se\/wp-content\/uploads\/2019\/11\/stark-halvpall-200x150.jpg 200w\" sizes=\"auto, (max-width: 800px) 100vw, 800px\"  data-dt-location=\"https:\/\/www.pallkonsulten.se\/en\/stark-halvpall\/\" \/><\/a>\n\t\t<\/figure>\n\t<\/div>\n\n\t<div class=\"wpb_text_column wpb_content_element\" >\n\t\t<div class=\"wpb_wrapper\">\n\t\t\t\n\t\t<\/div>\n\t<\/div>\n<\/div><\/div><\/div><div class=\"wpb_column vc_column_container vc_col-sm-4\"><div class=\"vc_column-inner\"><div class=\"wpb_wrapper\"><h4 style=\"text-align: left\" class=\"vc_custom_heading vc_do_custom_heading\" >Produktdata<\/h4>\n\t<div class=\"wpb_text_column wpb_content_element\" >\n\t\t<div class=\"wpb_wrapper\">\n\t\t\t<p>M\u00e5tt (LxBxH):  mm<br \/>\nVikt:  kg<br \/>\nF\u00f6rdelad last max:  kg<br \/>\nPunktlast max:  kg<br \/>\nVirkestjocklek:  mm<br \/>\nV\u00e4rmebehandling: <\/p>\n\n\t\t<\/div>\n\t<\/div>\n<\/div><\/div><\/div><\/div>\n<\/div>","protected":false},"excerpt":{"rendered":"<p>Produktdata M\u00e5tt (LxBxH): mm Vikt: kg F\u00f6rdelad last max: kg Punktlast max: kg Virkestjocklek: mm V\u00e4rmebehandling:<\/p>","protected":false},"author":2,"featured_media":1131,"parent":469,"menu_order":0,"comment_status":"closed","ping_status":"closed","template":"","meta":{"_acf_changed":false,"footnotes":""},"categories":[9,7],"tags":[],"class_list":["post-1047","page","type-page","status-publish","has-post-thumbnail","hentry","category-halvpall","category-nytt","description-off"],"acf":[],"_links":{"self":[{"href":"https:\/\/www.pallkonsulten.se\/en\/wp-json\/wp\/v2\/pages\/1047","targetHints":{"allow":["GET"]}}],"collection":[{"href":"https:\/\/www.pallkonsulten.se\/en\/wp-json\/wp\/v2\/pages"}],"about":[{"href":"https:\/\/www.pallkonsulten.se\/en\/wp-json\/wp\/v2\/types\/page"}],"author":[{"embeddable":true,"href":"https:\/\/www.pallkonsulten.se\/en\/wp-json\/wp\/v2\/users\/2"}],"replies":[{"embeddable":true,"href":"https:\/\/www.pallkonsulten.se\/en\/wp-json\/wp\/v2\/comments?post=1047"}],"version-history":[{"count":1,"href":"https:\/\/www.pallkonsulten.se\/en\/wp-json\/wp\/v2\/pages\/1047\/revisions"}],"predecessor-version":[{"id":1272,"href":"https:\/\/www.pallkonsulten.se\/en\/wp-json\/wp\/v2\/pages\/1047\/revisions\/1272"}],"up":[{"embeddable":true,"href":"https:\/\/www.pallkonsulten.se\/en\/wp-json\/wp\/v2\/pages\/469"}],"wp:featuredmedia":[{"embeddable":true,"href":"https:\/\/www.pallkonsulten.se\/en\/wp-json\/wp\/v2\/media\/1131"}],"wp:attachment":[{"href":"https:\/\/www.pallkonsulten.se\/en\/wp-json\/wp\/v2\/media?parent=1047"}],"wp:term":[{"taxonomy":"category","embeddable":true,"href":"https:\/\/www.pallkonsulten.se\/en\/wp-json\/wp\/v2\/categories?post=1047"},{"taxonomy":"post_tag","embeddable":true,"href":"https:\/\/www.pallkonsulten.se\/en\/wp-json\/wp\/v2\/tags?post=1047"}],"curies":[{"name":"wp","href":"https:\/\/api.w.org\/{rel}","templated":true}]}}